{"id":8752,"date":"2025-09-19T08:18:51","date_gmt":"2025-09-19T08:18:51","guid":{"rendered":"https:\/\/www.rationalfx.com\/?page_id=8752"},"modified":"2025-09-19T08:43:43","modified_gmt":"2025-09-19T08:43:43","slug":"terms","status":"publish","type":"page","link":"https:\/\/www.rationalfx.com\/ro\/terms\/","title":{"rendered":"Termeni"},"content":{"rendered":"<h2>Termeni \u0219i condi\u021bii<\/h2>\n<h3>Introducere<\/h3>\n<p> Ace\u0219ti termeni \u0219i condi\u021bii (\u201eTermeni\u201d) reglementeaz\u0103 utilizarea de c\u0103tre dumneavoastr\u0103 a site-ului RationalFX.com (\u201eSite\u201d). Prin accesarea \u0219i utilizarea Site-ului, sunte\u021bi de acord s\u0103 respecta\u021bi ace\u0219ti Termeni.<\/p>\n<h3>Eligibilitate<\/h3>\n<p> Site-ul este destinat persoanelor fizice \u0219i juridice care au cel pu\u021bin 18 ani \u0219i sunt capabile s\u0103 \u00eencheie un contract cu for\u021b\u0103 obligatorie.<\/p>\n<h3>Proprietate intelectual\u0103<\/h3>\n<p> \u00centregul con\u021binut, toate m\u0103rcile comerciale \u0219i drepturile de proprietate intelectual\u0103 de pe Site apar\u021bin RationalFX sau licen\u021biatorilor s\u0103i. Nu ave\u021bi dreptul s\u0103 reproduce\u021bi, s\u0103 modifica\u021bi sau s\u0103 distribui\u021bi niciun con\u021binut f\u0103r\u0103 acordul prealabil, \u00een form\u0103 scris\u0103.<\/p>\n<h3>Conduita utilizatorului<\/h3>\n<p>Sunte\u021bi de acord s\u0103 utiliza\u021bi Site-ul exclusiv \u00een scopuri legale \u0219i s\u0103 nu:<br \/>\n\u00eenc\u0103rca\u021bi sau transmite\u021bi con\u021binut d\u0103un\u0103tor ori def\u0103im\u0103tor<br \/>\ninterfera\u021bi cu func\u021bionalitatea sau securitatea Site-ului<br \/>\nutiliza\u021bi Site-ul \u00een orice scop neautorizat sau fraudulos<\/p>\n<h3>Declinarea garan\u021biilor<\/h3>\n<p> Site-ul este furnizat \u201eca atare\u201d \u0219i \u201e\u00een func\u021bie de disponibilitate\u201d, f\u0103r\u0103 nicio garan\u021bie de niciun fel, expres\u0103 sau implicit\u0103.<\/p>\n<h3>Limitarea r\u0103spunderii<\/h3>\n<p> RationalFX nu va fi r\u0103spunz\u0103toare pentru niciun fel de daune, pierderi sau preten\u021bii care decurg din utilizarea de c\u0103tre dumneavoastr\u0103 a Site-ului, cu excep\u021bia cazurilor impuse de legisla\u021bia aplicabil\u0103.<\/p>\n<h3>Modific\u0103ri ale termenilor<\/h3>\n<p> RationalFX \u00ee\u0219i rezerv\u0103 dreptul de a modifica ace\u0219ti Termeni \u00een orice moment, f\u0103r\u0103 notificare. Continuarea utiliz\u0103rii Site-ului dup\u0103 orice modificare constituie acceptarea de c\u0103tre dumneavoastr\u0103 a Termenilor revizui\u021bi.<\/p>\n<h2>Termeni suplimentari pentru servicii<\/h2>\n<p>Dac\u0103 utiliza\u021bi orice servicii oferite de RationalFX prin intermediul Site-ului, precum schimb valutar sau servicii de plat\u0103, sunte\u021bi de acord s\u0103 respecta\u021bi urm\u0103torii termeni suplimentari:<\/p>\n<h3>Termenii serviciilor<\/h3>\n<p> Furnizarea serviciilor de c\u0103tre RationalFX este supus\u0103 unor termeni \u0219i condi\u021bii separate, care v\u0103 vor fi puse la dispozi\u021bie atunci c\u00e2nd solicita\u021bi sau utiliza\u021bi respectivele servicii.<\/p>\n<h3>Conformitate reglementar\u0103<\/h3>\n<p> RationalFX nu este responsabil\u0103 s\u0103 se asigure c\u0103 \u00eendeplini\u021bi cerin\u021bele reglementare sau legile aplicabile utiliz\u0103rii de c\u0103tre dumneavoastr\u0103 a serviciilor.<\/p>\n<p>Prin utilizarea Site-ului, confirma\u021bi c\u0103 a\u021bi citit, a\u021bi \u00een\u021beles \u0219i sunte\u021bi de acord s\u0103 respecta\u021bi ace\u0219ti Termeni.<\/p>\n","protected":false},"excerpt":{"rendered":"<p>Termeni \u0219i condi\u021bii Introducere Ace\u0219ti termeni \u0219i condi\u021bii (\u201eTermeni\u201d) reglementeaz\u0103 utilizarea de c\u0103tre dumneavoastr\u0103 a site-ului RationalFX.com (\u201eSite\u201d). Prin accesarea \u0219i utilizarea Site-ului, sunte\u021bi de acord s\u0103 respecta\u021bi ace\u0219ti Termeni. Eligibilitate Site-ul este destinat persoanelor fizice \u0219i juridice care au cel pu\u021bin 18 ani \u0219i sunt capabile s\u0103 \u00eencheie un contract cu for\u021b\u0103 obligatorie. Proprietate [&hellip;]<\/p>\n","protected":false},"author":1,"featured_media":0,"parent":0,"menu_order":0,"comment_status":"closed","ping_status":"closed","template":"","meta":{"footnotes":""},"class_list":["post-8752","page","type-page","status-publish","hentry"],"aioseo_notices":[],"_links":{"self":[{"href":"https:\/\/www.rationalfx.com\/ro\/wp-json\/wp\/v2\/pages\/8752","targetHints":{"allow":["GET"]}}],"collection":[{"href":"https:\/\/www.rationalfx.com\/ro\/wp-json\/wp\/v2\/pages"}],"about":[{"href":"https:\/\/www.rationalfx.com\/ro\/wp-json\/wp\/v2\/types\/page"}],"author":[{"embeddable":true,"href":"https:\/\/www.rationalfx.com\/ro\/wp-json\/wp\/v2\/users\/1"}],"replies":[{"embeddable":true,"href":"https:\/\/www.rationalfx.com\/ro\/wp-json\/wp\/v2\/comments?post=8752"}],"version-history":[{"count":2,"href":"https:\/\/www.rationalfx.com\/ro\/wp-json\/wp\/v2\/pages\/8752\/revisions"}],"predecessor-version":[{"id":8968,"href":"https:\/\/www.rationalfx.com\/ro\/wp-json\/wp\/v2\/pages\/8752\/revisions\/8968"}],"wp:attachment":[{"href":"https:\/\/www.rationalfx.com\/ro\/wp-json\/wp\/v2\/media?parent=8752"}],"curies":[{"name":"wp","href":"https:\/\/api.w.org\/{rel}","templated":true}]}}