{"id":8749,"date":"2025-09-19T08:18:51","date_gmt":"2025-09-19T08:18:51","guid":{"rendered":"https:\/\/www.rationalfx.com\/?page_id=8749"},"modified":"2025-09-19T08:49:47","modified_gmt":"2025-09-19T08:49:47","slug":"about","status":"publish","type":"page","link":"https:\/\/www.rationalfx.com\/ro\/about\/","title":{"rendered":"Despre RationalFX"},"content":{"rendered":"<p>Bine ai venit la RationalFX, ghidul t\u0103u de \u00eencredere pentru a naviga \u00een lumea complex\u0103 a tranzac\u021bion\u0103rii Forex. Povestea noastr\u0103 a \u00eenceput \u00een 2005 ca furnizor de top de servicii de schimb valutar \u0219i pl\u0103\u021bi interna\u021bionale. De aproape dou\u0103 decenii, am ajutat persoane fizice \u0219i companii s\u0103 \u00ee\u0219i gestioneze tranzac\u021biile transfrontaliere cu u\u0219urin\u021b\u0103 \u0219i eficien\u021b\u0103.<\/p>\n<p>\u00cen 2024, am \u00eenceput un nou capitol \u00een istoria noastr\u0103. Markets Chain Limited a achizi\u021bionat RationalFX, iar noi am trecut printr-o transformare semnificativ\u0103. Ne-am valorificat expertiza \u00een schimb valutar pentru a crea un portal web de ultim\u0103 genera\u021bie, dedicat s\u0103 \u00eei ajute pe traderi s\u0103 g\u0103seasc\u0103 <a href=\"https:\/\/www.rationalfx.com\/ro\/forex-brokers\/\">cei mai buni brokeri Forex<\/a> \u0219i platforme de tranzac\u021bionare.<\/p>\n<h2>Misiunea noastr\u0103<\/h2>\n<p>La RationalFX, misiunea noastr\u0103 este s\u0103 le oferim traderilor cuno\u0219tin\u021bele \u0219i instrumentele de care au nevoie pentru a reu\u0219i pe pia\u021ba Forex. Ne str\u0103duim s\u0103 furniz\u0103m recenzii impar\u021biale, bazate pe date, ale platformelor de tranzac\u021bionare Forex, ajut\u00e2ndu-te s\u0103 iei decizii informate \u00een parcursul t\u0103u de trading. Obiectivul nostru este s\u0103 devenim sursa de referin\u021b\u0103 pentru traderii care caut\u0103 informa\u021bii fiabile, de \u00eencredere \u0219i transparente despre industria Forex.<\/p>\n<h2>Motorul nostru de c\u0103utare proprietar<\/h2>\n<p>Motorul nostru de c\u0103utare inovator este conceput pentru a simplifica procesul de identificare a brokerului Forex ideal. Prin introducerea criteriilor tale specifice, cum ar fi reglementarea, spread-ul, depozitul minim, metodele de depunere \u0219i platformele de tranzac\u021bionare, motorul \u00ee\u021bi va prezenta o list\u0103 personalizat\u0103 de brokeri de top care \u00ee\u021bi \u00eendeplinesc cerin\u021bele. Acest instrument puternic este rezultatul cercet\u0103rii \u0219i dezvolt\u0103rii extinse ale echipei noastre, asigur\u00e2ndu-\u021bi acces la informa\u021bii relevante \u0219i actualizate.<\/p>\n<h2>Valorile noastre<\/h2>\n<p>La RationalFX, ne angaj\u0103m s\u0103 respect\u0103m urm\u0103toarele valori fundamentale:<\/p>\n<p><strong>Transparen\u021b\u0103:<\/strong> Credem \u00een furnizarea de informa\u021bii clare, concise \u0219i impar\u021biale pentru a te ajuta s\u0103 iei decizii informate.<br \/>\n<strong>Independen\u021b\u0103:<\/strong> Recenziile \u0219i evalu\u0103rile noastre se bazeaz\u0103 pe o metodologie proprie, ceea ce garanteaz\u0103 c\u0103 recomand\u0103rile noastre sunt libere de influen\u021be externe.<br \/>\n<strong>Inova\u021bie:<\/strong> Ne str\u0103duim continuu s\u0103 ne \u00eembun\u0103t\u0103\u021bim motorul de c\u0103utare<\/p>\n<h2>RationalFX \u00een pres\u0103<\/h2>\n<h3>2025<\/h3>\n<h4><a href=\"https:\/\/www.itpro.com\/business\/tech-layoffs-2025\" rel=\"nofollow noopener noreferrer\" target=\"_blank\">Concedierile din tehnologie au dep\u0103\u0219it deja 26 000 \u00een 2025<\/a><\/h4>\n<p style=\"font-size: 13px\"><strong>ITPro<\/strong> \u2022 24 februarie 2025<\/p>\n<p>\u00centr-un material recent publicat de <em><strong>ITPro<\/strong><\/em>, cercetarea detaliat\u0103 a RationalFX eviden\u021biaz\u0103 valul persistent de concedieri din sectorul tech \u00een 2025, cu peste 26 000 de posturi desfiin\u021bate la nivel global de la \u00eenceputul anului. Studiul arat\u0103 c\u0103 firmele din SUA au reprezentat majoritatea disponibiliz\u0103rilor, iar companii mari precum Meta, Microsoft \u0219i STMicro conduc acest proces de reducere. Analistul de date RationalFX, Alan Cohen, a subliniat c\u0103 aceste runde repetate de concedieri indic\u0103 o criz\u0103 structural\u0103 mai profund\u0103 a for\u021bei de munc\u0103 din tehnologie, determinat\u0103 de supracontractare, presiuni economice \u0219i accentul tot mai mare pe integrarea inteligen\u021bei artificiale. <a href=\"https:\/\/www.itpro.com\/business\/tech-layoffs-2025\" rel=\"nofollow noopener noreferrer\" target=\"_blank\">Cite\u0219te articolul \u2192<\/a><\/p>\n<h4><a href=\"https:\/\/www.channelfutures.com\/channel-business\/tech-industry-layoffs-2025-the-full-list\" rel=\"nofollow noopener noreferrer\" target=\"_blank\">Concedieri \u00een industria tech 2025: lista complet\u0103<\/a><\/h4>\n<p style=\"font-size: 13px\"><strong>Channel Futures<\/strong> \u2022 21 februarie 2025<\/p>\n<p>\u00centr-un raport amplu realizat de <em><strong>Channel Futures<\/strong><\/em>, cercetarea RationalFX eviden\u021biaz\u0103 amploarea concedierilor din tehnologie \u00een 2024 \u0219i \u00eenceputul lui 2025. Studiul a ar\u0103tat c\u0103 aproape 281 000 de angaja\u021bi din domeniul tech \u0219i-au pierdut locul de munc\u0103 \u00een 2024, peste jum\u0103tate dintre disponibiliz\u0103ri av\u00e2nd loc \u00een SUA. P\u00e2n\u0103 la mijlocul lunii februarie 2025, al\u021bi 10 000 de lucr\u0103tori tech fuseser\u0103 concedia\u021bi la nivel global. Datele RationalFX arat\u0103 cum restructurarea industriei, schimbarea rolurilor pe fondul IA \u0219i m\u0103surile de reducere a costurilor continu\u0103 s\u0103 alimenteze eliminarea de posturi, chiar dac\u0103 cererea de speciali\u0219ti \u00een IA este \u00een cre\u0219tere. <a href=\"https:\/\/www.channelfutures.com\/channel-business\/tech-industry-layoffs-2025-the-full-list\" rel=\"nofollow noopener noreferrer\" target=\"_blank\">Cite\u0219te articolul \u2192<\/a><\/p>\n<h4><a href=\"https:\/\/www.corriere.it\/economia\/lavoro\/25_febbraio_21\/big-tech-perche-le-aziende-aumentano-gli-utili-ma-continuano-a-licenziare-26-mila-tagli-solo-a-gennaio-43a57a65-2c8a-4635-a1c3-4c6ec7817xlk.shtml\" rel=\"nofollow noopener noreferrer\" target=\"_blank\">Big Tech: de ce companiile \u00ee\u0219i cresc profiturile, dar continu\u0103 s\u0103 concedieze \u2013 26 000 de t\u0103ieri doar \u00een ianuarie<\/a><\/h4>\n<p style=\"font-size: 13px\"><strong>Corriere della Sera<\/strong> \u2022 21 februarie 2025<\/p>\n<p>\u00centr-un articol amplu publicat de <em><strong>Corriere della Sera<\/strong><\/em>, cercetarea RationalFX ofer\u0103 perspective esen\u021biale asupra paradoxului cre\u0219terii profiturilor \u00een paralel cu disponibiliz\u0103rile masive din sectorul tech. Analiza condus\u0103 de expertul \u00een date de la RationalFX, Alan Cohen, arat\u0103 c\u0103 peste 281 000 de angaja\u021bi tech \u0219i-au pierdut locul de munc\u0103 \u00een 2024, companiile americane conduc\u00e2nd deta\u0219at reducerile. \u00cen ciuda veniturilor record, firme importante precum Dell, Intel \u0219i Amazon au continuat s\u0103 reduc\u0103 personalul, motivate de strategii de t\u0103iere a costurilor \u0219i de integrarea tot mai pronun\u021bat\u0103 a inteligen\u021bei artificiale, care remodeleaz\u0103 structurile corporative \u0219i diminueaz\u0103 nevoia de roluri tradi\u021bionale. <a href=\"https:\/\/www.corriere.it\/economia\/lavoro\/25_febbraio_21\/big-tech-perche-le-aziende-aumentano-gli-utili-ma-continuano-a-licenziare-26-mila-tagli-solo-a-gennaio-43a57a65-2c8a-4635-a1c3-4c6ec7817xlk.shtml\" rel=\"nofollow noopener noreferrer\" target=\"_blank\">Cite\u0219te articolul \u2192<\/a><\/p>\n<h4><a href=\"https:\/\/www.axios.com\/local\/boston\/2025\/02\/21\/tech-companies-layoffs-massachusetts-2024\" rel=\"nofollow noopener noreferrer\" target=\"_blank\">Companiile tech au concediat 5 000 de angaja\u021bi \u00een Massachusetts \u00een 2024<\/a><\/h4>\n<p style=\"font-size: 13px\"><strong>Axios Boston<\/strong> \u2022 21 februarie 2025<\/p>\n<p>Dup\u0103 cum relateaz\u0103 <em><strong>Axios Boston<\/strong><\/em>, cea mai recent\u0103 analiz\u0103 RationalFX scoate la iveal\u0103 amploarea concedierilor din industria tech \u00een 2024, cu peste 281 000 de locuri de munc\u0103 pierdute la nivel global \u2014 mai mult de jum\u0103tate \u00een SUA. Raportul eviden\u021biaz\u0103 c\u0103 numai Massachusetts a \u00eenregistrat aproape 5 000 de disponibiliz\u0103ri, afect\u00e2nd \u00een special hub-uri precum Greater Boston. RationalFX atribuie aceste t\u0103ieri supracontract\u0103rii de dup\u0103 pandemie, incertitudinii economice \u0219i influen\u021bei cresc\u00e2nde a IA, care remodeleaz\u0103 strategiile corporative \u0219i conduce la reduceri suplimentare de personal. <a href=\"https:\/\/www.axios.com\/local\/boston\/2025\/02\/21\/tech-companies-layoffs-massachusetts-2024\" rel=\"nofollow noopener noreferrer\" target=\"_blank\">Cite\u0219te articolul \u2192<\/a><\/p>\n<h4><a href=\"https:\/\/www.capacitymedia.com\/article-tech-layoffs-continue-into-2025\" rel=\"nofollow noopener noreferrer\" target=\"_blank\">Concedierile din tehnologie continu\u0103 \u00een 2025, industria mai taie \u00eenc\u0103 26 000 de locuri de munc\u0103<\/a><\/h4>\n<p style=\"font-size: 13px\"><strong>Capacity Media<\/strong> \u2022 21 februarie 2025<\/p>\n<p>\u00centr-un raport detaliat realizat de <em><strong>Capacity Media<\/strong><\/em>, cercetarea RationalFX este citat\u0103 pentru a sublinia valul continuu de concedieri tech \u00een 2025. Studiul arat\u0103 c\u0103 peste 26 000 de locuri de munc\u0103 au fost deja eliminate anul acesta, dup\u0103 aproape 281 000 de disponibiliz\u0103ri \u00eenregistrate \u00een 2024. Analiza RationalFX arat\u0103 c\u0103 gigan\u021bii tech din SUA, inclusiv Meta, Microsoft \u0219i Amazon, continu\u0103 s\u0103 conduc\u0103 reducerile de personal, for\u021ba\u021bi de condi\u021biile de pia\u021b\u0103 \u00een schimbare \u0219i de realinieri strategice. Raportul puncteaz\u0103 dificult\u0103\u021bile prelungite cu care se confrunt\u0103 sectoarele tech \u0219i telecom \u00een contextul incertitudinii economice. <a href=\"https:\/\/www.capacitymedia.com\/article-tech-layoffs-continue-into-2025\" rel=\"nofollow noopener noreferrer\" target=\"_blank\">Cite\u0219te articolul \u2192<\/a><\/p>\n<h4><a href=\"https:\/\/hrme.economictimes.indiatimes.com\/news\/employee-experience\/over-2-8-million-tech-workers-lost-jobs-in-202411000-more-to-come-in-2025-how-to-stay-relevant\/117947126\" rel=\"nofollow noopener noreferrer\" target=\"_blank\">Peste 2,8 milioane de lucr\u0103tori din tehnologie \u0219i-au pierdut locul de munc\u0103 \u00een 2024, alte 11 000 urmeaz\u0103 \u00een 2025: cum r\u0103m\u00e2i relevant?<\/a><\/h4>\n<p style=\"font-size: 13px\"><strong>The Economic Times Business Verticals<\/strong> \u2022 6 februarie 2025<\/p>\n<p>\u00cen acest articol al <em><strong>The Economic Times&#8217; Business Verticals<\/strong><\/em> este citat\u0103 cercetarea RationalFX privind criza for\u021bei de munc\u0103 din tehnologie. Materialul eviden\u021biaz\u0103 concedierile semnificative din 2024, dep\u0103\u0219ind 281 000, \u0219i tendin\u021ba continu\u0103 \u00een 2025, subliniind provoc\u0103rile pe care angaja\u021bii le \u00eent\u00e2mpin\u0103 \u00een men\u021binerea relevan\u021bei \u00eentr-un context industrial marcat de incertitudine. <a href=\"https:\/\/hrme.economictimes.indiatimes.com\/news\/employee-experience\/over-2-8-million-tech-workers-lost-jobs-in-202411000-more-to-come-in-2025-how-to-stay-relevant\/117947126\" rel=\"nofollow noopener noreferrer\" target=\"_blank\">Cite\u0219te articolul \u2192<\/a><\/p>\n<h4><a href=\"https:\/\/www.economx.hu\/tech\/tech-allasok-elbocsatas-ai-projekt-atalakulas.803745.html\" rel=\"nofollow noopener noreferrer\" target=\"_blank\">Sectorul tech, din nou la ananghie: angaja\u021bii ajung \u00een strad\u0103<\/a><\/h4>\n<p style=\"font-size: 13px\"><strong>Economx.hu<\/strong> \u2022 5 februarie 2025<\/p>\n<p>Analizele de specialitate publicate de <em><strong>Economx.hu<\/strong><\/em> eviden\u021biaz\u0103 cercetarea RationalFX privind dinamica \u00een schimbare a for\u021bei de munc\u0103 din tehnologie. Cu aproape 281 000 de angaja\u021bi concedia\u021bi \u00een 2024, cariera IT, odinioar\u0103 solid\u0103, trece printr-o transformare fundamental\u0103. Pe m\u0103sur\u0103 ce inteligen\u021ba artificial\u0103 \u0219i automatizarea remodeleaz\u0103 cerin\u021bele industriei, rolurile tradi\u021bionale cu norm\u0103 \u00eentreag\u0103 sunt \u00eenlocuite de pozi\u021bii flexibile de tip gig. Raportul subliniaz\u0103 c\u0103 aceast\u0103 tendin\u021b\u0103 se va accelera \u00een 2025, companii majore precum Meta, Microsoft \u0219i Amazon efectu\u00e2nd reduceri ample de personal pentru a optimiza costurile \u0219i a se realinia la strategiile bazate pe IA. <a href=\"https:\/\/www.economx.hu\/tech\/tech-allasok-elbocsatas-ai-projekt-atalakulas.803745.html\" rel=\"nofollow noopener noreferrer\" target=\"_blank\">Cite\u0219te articolul \u2192<\/a><\/p>\n<h4><a href=\"https:\/\/hrportugal.sapo.pt\/crise-no-sector-tech-os-despedimentos-ultrapassaram-os-280-mil-em-2024-e-continuam-em-2025\/\" rel=\"nofollow noopener noreferrer\" target=\"_blank\">Criza din sectorul tech: concedierile au dep\u0103\u0219it 280 000 \u00een 2024 (\u0219i continu\u0103 \u00een 2025)<\/a><\/h4>\n<p style=\"font-size: 13px\"><strong>Human Resources Portugal<\/strong> \u2022 3 februarie 2025<\/p>\n<p>\u00cen acest articol al <em><strong>Human Resources Portugal<\/strong><\/em>, perspectivele RationalFX scot \u00een eviden\u021b\u0103 modul \u00een care concedierile masive redeseneaz\u0103 viitorul industriei tech. Cu peste 280 000 de posturi t\u0103iate \u00een 2024 \u2014 multe concentrate \u00een SUA \u2014 analiza arat\u0103 c\u0103 aceast\u0103 tendin\u021b\u0103 nu este doar un recul temporar, ci semnalul unor schimb\u0103ri structurale mai profunde, care vor continua \u00een 2025 \u0219i dincolo de aceast\u0103 dat\u0103. <a href=\"https:\/\/hrportugal.sapo.pt\/crise-no-sector-tech-os-despedimentos-ultrapassaram-os-280-mil-em-2024-e-continuam-em-2025\/\" rel=\"nofollow noopener noreferrer\" target=\"_blank\">Cite\u0219te articolul \u2192<\/a><\/p>\n<h4><a href=\"https:\/\/www.digitaljournal.com\/business\/more-to-come-over-280000-employees-in-the-tech-sector-laid-off-in-2024\/article\" rel=\"nofollow noopener noreferrer\" target=\"_blank\">\u0218i mai urmeaz\u0103? Peste 280 000 de angaja\u021bi din sectorul tech au fost concedia\u021bi \u00een 2024<\/a><\/h4>\n<p style=\"font-size: 13px\"><strong>Digital Journal<\/strong> \u2022 30 ianuarie 2025<\/p>\n<p>Potrivit <em><strong>Digital Journal<\/strong><\/em>, cercetarea RationalFX eviden\u021biaz\u0103 amploarea alarmant\u0103 a concedierilor din sectorul tech, dep\u0103\u0219ind 280 000 \u00een 2024. Raportul subliniaz\u0103 c\u0103 firmele americane au fost cele mai afectate, reprezent\u00e2nd mai mult de jum\u0103tate dintre disponibiliz\u0103ri. Pe m\u0103sur\u0103 ce tendin\u021ba continu\u0103 \u00een 2025, analiza indic\u0103 schimb\u0103ri profunde de industrie care ar putea remodela viitorul ocup\u0103rii \u00een tehnologie. <a href=\"https:\/\/www.digitaljournal.com\/business\/more-to-come-over-280000-employees-in-the-tech-sector-laid-off-in-2024\/article\" rel=\"nofollow noopener noreferrer\" target=\"_blank\">Cite\u0219te articolul \u2192<\/a><\/p>\n<h3>2021<\/h3>\n<h4><a href=\"https:\/\/www.thestar.co.uk\/lifestyle\/homes-and-gardens\/biggest-rise-in-average-yorkshire-house-prices-are-in-sheffield-and-barnsley-3239480\" rel=\"nofollow noopener noreferrer\" target=\"_blank\">Cea mai mare cre\u0219tere a pre\u021burilor medii la locuin\u021be din Yorkshire se \u00eenregistreaz\u0103 \u00een Sheffield \u0219i Barnsley<\/a><\/h4>\n<p style=\"font-size: 13px\"><strong>The Star<\/strong> \u2022 17 mai 2021<\/p>\n<p>Potrivit <em><strong>The Star<\/strong><\/em>, un studiu realizat de RationalFX a analizat tendin\u021bele pre\u021burilor locuin\u021belor \u00een peste 400 de zone din Marea Britanie, relev\u00e2nd disparit\u0103\u021bi regionale semnificative. Concluziile au eviden\u021biat South Yorkshire ca o regiune de referin\u021b\u0103, cu pre\u021buri la propriet\u0103\u021bi \u00een cre\u0219tere cu aproape 26 %, dep\u0103\u0219ind media na\u021bional\u0103, dar r\u0103m\u00e2n\u00e2nd sub nivelul general al pre\u021burilor din Regatul Unit cu aproape 100 000 \u00a3. Cercetarea demonstreaz\u0103 expertiza RationalFX \u00een analiz\u0103 financiar\u0103 \u0219i rolul s\u0103u \u00een furnizarea de solu\u021bii inteligente de pl\u0103\u021bi globale pentru persoanele \u0219i companiile care efectueaz\u0103 tranzac\u021bii interna\u021bionale. <a href=\"https:\/\/www.thestar.co.uk\/lifestyle\/homes-and-gardens\/biggest-rise-in-average-yorkshire-house-prices-are-in-sheffield-and-barnsley-3239480\" rel=\"nofollow noopener noreferrer\" target=\"_blank\">Cite\u0219te articolul \u2192<\/a><\/p>\n<h4><a href=\"https:\/\/www.pymnts.com\/news\/faster-payments\/2021\/bank-independent-rides-real-time-rails-to-compete-with-big-banks\/\" rel=\"nofollow noopener noreferrer\" target=\"_blank\">Bank Independent adopt\u0103 infrastructura \u00een timp real pentru a concura cu marile b\u0103nci<\/a><\/h4>\n<p style=\"font-size: 13px\"><strong>PYMNTS.com<\/strong> \u2022 21 aprilie 2021<\/p>\n<p>\u00centr-un articol recent, <em><strong>PYMNTS.com<\/strong><\/em> a eviden\u021biat parteneriatul RationalFX cu ClearBank, care urm\u0103re\u0219te \u00eembun\u0103t\u0103\u021birea experien\u021bei clien\u021bilor prin simplificarea transferurilor bancare. Aceast\u0103 colaborare integreaz\u0103 RationalFX \u0219i compania sor\u0103 Xendpay \u00een sistemele Clearing House Automated Payments \u0219i Faster Payments din Marea Britanie, oferind clien\u021bilor un control \u0219i o vizibilitate sporite asupra tranzac\u021biilor lor. <a href=\"https:\/\/www.pymnts.com\/news\/faster-payments\/2021\/bank-independent-rides-real-time-rails-to-compete-with-big-banks\/\" rel=\"nofollow noopener noreferrer\" target=\"_blank\">Cite\u0219te articolul \u2192<\/a><\/p>\n<h3>2018<\/h3>\n<h4><a href=\"https:\/\/www.thisismoney.co.uk\/money\/experts\/article-5713243\/I-bought-house-France-retire-Whats-cheapest-way-pay-restoration.html\" rel=\"nofollow noopener noreferrer\" target=\"_blank\">Am cump\u0103rat o cas\u0103 \u00een Fran\u021ba pentru retragere: care este cel mai ieftin serviciu de transfer de bani pentru a finan\u021ba renovarea?<\/a><\/h4>\n<p style=\"font-size: 13px\"><strong>This is Money<\/strong> \u2022 14 mai 2018<\/p>\n<p>\u00centr-un material publicat de <em><strong>This is Money<\/strong><\/em>, RationalFX este recunoscut\u0103 ca o companie britanic\u0103 de pionierat, \u00eenfiin\u021bat\u0103 \u00een 2005, printre primele care au oferit un sistem de pl\u0103\u021bi online. Oferind taxe reduse, cursuri de schimb competitive \u0219i func\u021bionalit\u0103\u021bi avansate precum ordine stop \u0219i limit\u0103, RationalFX este o op\u021biune notabil\u0103 pentru persoanele care gestioneaz\u0103 tranzac\u021bii interna\u021bionale. <a href=\"https:\/\/www.thisismoney.co.uk\/money\/experts\/article-5713243\/I-bought-house-France-retire-Whats-cheapest-way-pay-restoration.html\" rel=\"nofollow noopener noreferrer\" target=\"_blank\">Cite\u0219te articolul \u2192<\/a><\/p>\n<h4><a href=\"https:\/\/ripple.com\/insights\/xvia-opens-new-doors-in-emerging-markets\/\" rel=\"nofollow noopener noreferrer\" target=\"_blank\">xVia deschide noi oportunit\u0103\u021bi pe pie\u021bele emergente<\/a><\/h4>\n<p style=\"font-size: 13px\"><strong>Ripple<\/strong> \u2022 26 aprilie 2018<\/p>\n<p>Conform <em><strong>Ripple<\/strong><\/em>, RationalFX s-a al\u0103turat re\u021belei RippleNet prin integrarea solu\u021biei API xVia. Acest parteneriat permite RationalFX s\u0103 faciliteze pl\u0103\u021bi transfrontaliere rapide \u0219i s\u0103 deschid\u0103 accesul c\u0103tre pie\u021be emergente cu o eficien\u021b\u0103 sporit\u0103. Prin valorificarea tehnologiei inovatoare Ripple, RationalFX \u00ee\u0219i consolideaz\u0103 angajamentul de a oferi tranzac\u021bii interna\u021bionale rapide \u0219i rentabile. <a href=\"https:\/\/ripple.com\/insights\/xvia-opens-new-doors-in-emerging-markets\/\" rel=\"nofollow noopener noreferrer\" target=\"_blank\">Cite\u0219te articolul \u2192<\/a><\/p>\n<h3>2016<\/h3>\n<h4><a href=\"https:\/\/realbusiness.co.uk\/the-future-of-fintech-in-the-wake-of-brexit\" rel=\"nofollow noopener noreferrer\" target=\"_blank\">Viitorul fintech-ului dup\u0103 Brexit<\/a><\/h4>\n<p style=\"font-size: 13px\"><strong>Real Business<\/strong> \u2022 16 iunie 2016<\/p>\n<p>\u00centr-un articol realizat de <em><strong>Real Business<\/strong><\/em>, cofondatorul \u0219i CEO-ul RationalFX, Paresh Davdra, a \u00eemp\u0103rt\u0103\u0219it perspective asupra incertitudinii care planeaz\u0103 asupra investi\u021biilor fintech \u00een urma Brexit-ului. El a subliniat c\u0103 investitorii ezitau s\u0103 sus\u021bin\u0103 afacerile britanice din cauza impredictibilit\u0103\u021bii rezultatului referendumului. Av\u00e2nd \u00een vedere pozi\u021bia Marii Britanii ca centru financiar, Davdra a eviden\u021biat necesitatea ca firmele s\u0103 r\u0103m\u00e2n\u0103 agile \u0219i s\u0103 se preg\u0103teasc\u0103 pentru toate scenariile posibile \u00eentr-un peisaj economic \u00een continu\u0103 schimbare. <a href=\"https:\/\/realbusiness.co.uk\/the-future-of-fintech-in-the-wake-of-brexit\" rel=\"nofollow noopener noreferrer\" target=\"_blank\">Cite\u0219te articolul \u2192<\/a><\/p>\n<h3>2011<\/h3>\n<h4><a href=\"https:\/\/www.ibtimes.co.uk\/birmingham-city-sponsors-spread-festive-cheer-little-270860\" rel=\"nofollow noopener noreferrer\" target=\"_blank\">Sponsorii Birmingham City aduc bucurie de s\u0103rb\u0103tori pentru organiza\u021bia caritabil\u0103 \u201eLittle Hearts Matter\u201d<\/a><\/h4>\n<p style=\"font-size: 13px\"><strong>International Business Times<\/strong> \u2022 21 decembrie 2011<\/p>\n<p>\u00centr-o ini\u021biativ\u0103 emo\u021bionant\u0103 relatat\u0103 de <em><strong>IBTimes UK<\/strong><\/em>, RationalFX \u0219i-a demonstrat angajamentul fa\u021b\u0103 de impactul social don\u00e2nd drepturile sale de sponsorizare Birmingham City FC organiza\u021biei caritabile Little Hearts Matter. Aleas\u0103 prin vot public pe RationalFX.com, organiza\u021bia sprijin\u0103 copiii n\u0103scu\u021bi cu jum\u0103tate de inim\u0103 func\u021bional\u0103. Rajesh Agrawal, pre\u0219edinte \u0219i CEO al RationalFX, \u0219i-a exprimat m\u00e2ndria de a sus\u021bine o cauz\u0103 at\u00e2t de important\u0103, subliniind dedica\u021bia companiei de a da \u00eenapoi comunit\u0103\u021bii, continu\u00e2nd \u00een acela\u0219i timp cre\u0219terea rapid\u0103 \u00een sectorul financiar. <a href=\"https:\/\/www.ibtimes.co.uk\/birmingham-city-sponsors-spread-festive-cheer-little-270860\" rel=\"nofollow noopener noreferrer\" target=\"_blank\">Cite\u0219te articolul \u2192<\/a><\/p>\n","protected":false},"excerpt":{"rendered":"<p>Bine ai venit la RationalFX, ghidul t\u0103u de \u00eencredere pentru a naviga \u00een lumea complex\u0103 a tranzac\u021bion\u0103rii Forex. Povestea noastr\u0103 a \u00eenceput \u00een 2005 ca furnizor de top de servicii de schimb valutar \u0219i pl\u0103\u021bi interna\u021bionale. De aproape dou\u0103 decenii, am ajutat persoane fizice \u0219i companii s\u0103 \u00ee\u0219i gestioneze tranzac\u021biile transfrontaliere cu u\u0219urin\u021b\u0103 \u0219i eficien\u021b\u0103. [&hellip;]<\/p>\n","protected":false},"author":1,"featured_media":0,"parent":0,"menu_order":0,"comment_status":"closed","ping_status":"closed","template":"","meta":{"footnotes":""},"class_list":["post-8749","page","type-page","status-publish","hentry"],"aioseo_notices":[],"_links":{"self":[{"href":"https:\/\/www.rationalfx.com\/ro\/wp-json\/wp\/v2\/pages\/8749","targetHints":{"allow":["GET"]}}],"collection":[{"href":"https:\/\/www.rationalfx.com\/ro\/wp-json\/wp\/v2\/pages"}],"about":[{"href":"https:\/\/www.rationalfx.com\/ro\/wp-json\/wp\/v2\/types\/page"}],"author":[{"embeddable":true,"href":"https:\/\/www.rationalfx.com\/ro\/wp-json\/wp\/v2\/users\/1"}],"replies":[{"embeddable":true,"href":"https:\/\/www.rationalfx.com\/ro\/wp-json\/wp\/v2\/comments?post=8749"}],"version-history":[{"count":2,"href":"https:\/\/www.rationalfx.com\/ro\/wp-json\/wp\/v2\/pages\/8749\/revisions"}],"predecessor-version":[{"id":8971,"href":"https:\/\/www.rationalfx.com\/ro\/wp-json\/wp\/v2\/pages\/8749\/revisions\/8971"}],"wp:attachment":[{"href":"https:\/\/www.rationalfx.com\/ro\/wp-json\/wp\/v2\/media?parent=8749"}],"curies":[{"name":"wp","href":"https:\/\/api.w.org\/{rel}","templated":true}]}}