{"id":2445,"date":"2025-02-25T12:31:13","date_gmt":"2025-02-25T12:31:13","guid":{"rendered":"https:\/\/www.rationalfx.com\/?page_id=2445"},"modified":"2025-09-15T14:22:02","modified_gmt":"2025-09-15T14:22:02","slug":"terms","status":"publish","type":"page","link":"https:\/\/www.rationalfx.com\/it\/terms\/","title":{"rendered":"Termini"},"content":{"rendered":"<h2>Termini e Condizioni<\/h2>\n<h3>Introduzione<\/h3>\n<p> Questi termini e condizioni (&#8220;Termini&#8221;) regolano l&#8217;uso del sito web RationalFX.com (&#8220;Sito Web&#8221;). Accedendo e utilizzando il Sito Web, accetti di essere vincolato da questi Termini.<\/p>\n<h3>Idoneit\u00e0<\/h3>\n<p> Il Sito Web \u00e8 destinato all&#8217;uso da parte di individui e aziende che abbiano almeno 18 anni e siano capaci di stipulare un contratto vincolante.<\/p>\n<h3>Propriet\u00e0 Intellettuale<\/h3>\n<p> Tutti i contenuti, marchi e propriet\u00e0 intellettuali presenti sul Sito Web sono di propriet\u00e0 di RationalFX o dei suoi licenziatari. Non puoi riprodurre, modificare o distribuire alcun contenuto senza previa autorizzazione scritta.<\/p>\n<h3>Condotta dell&#8217;Utente<\/h3>\n<p>Accetti di utilizzare il Sito Web solo per scopi legali e di non:<br \/>\nCaricare o trasmettere contenuti dannosi o diffamatori<br \/>\nInterferire con la funzionalit\u00e0 o la sicurezza del Sito Web<br \/>\nUtilizzare il Sito Web per qualsiasi scopo non autorizzato o fraudolento<\/p>\n<h3>Esclusione di Garanzie<\/h3>\n<p> Il Sito Web \u00e8 fornito &#8220;cos\u00ec com&#8217;\u00e8&#8221; e &#8220;come disponibile&#8221; senza garanzie di alcun tipo, sia espresse che implicite.<\/p>\n<h3>Limitazione di Responsabilit\u00e0<\/h3>\n<p> RationalFX non sar\u00e0 responsabile per eventuali danni, perdite o reclami derivanti dall&#8217;uso del Sito Web, salvo laddove richiesto dalla legge applicabile.<\/p>\n<h3>Modifiche ai Termini<\/h3>\n<p> RationalFX si riserva il diritto di modificare questi Termini in qualsiasi momento senza preavviso. Il tuo uso continuato del Sito Web dopo eventuali modifiche costituir\u00e0 accettazione dei Termini revisionati.<\/p>\n<h2>Termini Aggiuntivi per i Servizi<\/h2>\n<p>Se utilizzi qualsiasi servizio fornito da RationalFX tramite il Sito Web, come il cambio valuta o i servizi di pagamento, accetti di essere vincolato dai seguenti termini aggiuntivi:<\/p>\n<h3>Termini del Servizio<\/h3>\n<p> La fornitura di servizi da parte di RationalFX \u00e8 soggetta a termini e condizioni separati, che ti saranno forniti quando richiedi o utilizzi tali servizi.<\/p>\n<h3>Conformit\u00e0 Normativa<\/h3>\n<p> RationalFX non \u00e8 responsabile per garantire che tu rispetti eventuali requisiti normativi o leggi applicabili al tuo utilizzo dei servizi.<\/p>\n<p>Utilizzando il Sito Web, riconosci di aver letto, compreso e accettato di essere vincolato da questi Termini.<\/p>\n","protected":false},"excerpt":{"rendered":"<p>Termini e Condizioni Introduzione Questi termini e condizioni (&#8220;Termini&#8221;) regolano l&#8217;uso del sito web RationalFX.com (&#8220;Sito Web&#8221;). Accedendo e utilizzando il Sito Web, accetti di essere vincolato da questi Termini. Idoneit\u00e0 Il Sito Web \u00e8 destinato all&#8217;uso da parte di individui e aziende che abbiano almeno 18 anni e siano capaci di stipulare un contratto [&hellip;]<\/p>\n","protected":false},"author":1,"featured_media":0,"parent":0,"menu_order":0,"comment_status":"closed","ping_status":"closed","template":"","meta":{"footnotes":""},"class_list":["post-2445","page","type-page","status-publish","hentry"],"aioseo_notices":[],"_links":{"self":[{"href":"https:\/\/www.rationalfx.com\/it\/wp-json\/wp\/v2\/pages\/2445","targetHints":{"allow":["GET"]}}],"collection":[{"href":"https:\/\/www.rationalfx.com\/it\/wp-json\/wp\/v2\/pages"}],"about":[{"href":"https:\/\/www.rationalfx.com\/it\/wp-json\/wp\/v2\/types\/page"}],"author":[{"embeddable":true,"href":"https:\/\/www.rationalfx.com\/it\/wp-json\/wp\/v2\/users\/1"}],"replies":[{"embeddable":true,"href":"https:\/\/www.rationalfx.com\/it\/wp-json\/wp\/v2\/comments?post=2445"}],"version-history":[{"count":2,"href":"https:\/\/www.rationalfx.com\/it\/wp-json\/wp\/v2\/pages\/2445\/revisions"}],"predecessor-version":[{"id":8076,"href":"https:\/\/www.rationalfx.com\/it\/wp-json\/wp\/v2\/pages\/2445\/revisions\/8076"}],"wp:attachment":[{"href":"https:\/\/www.rationalfx.com\/it\/wp-json\/wp\/v2\/media?parent=2445"}],"curies":[{"name":"wp","href":"https:\/\/api.w.org\/{rel}","templated":true}]}}