{"id":2442,"date":"2024-12-19T09:55:56","date_gmt":"2024-12-19T09:55:56","guid":{"rendered":"https:\/\/www.rationalfx.com\/?page_id=2442"},"modified":"2025-04-04T08:27:29","modified_gmt":"2025-04-04T08:27:29","slug":"about","status":"publish","type":"page","link":"https:\/\/www.rationalfx.com\/it\/about\/","title":{"rendered":"Informazioni su RationalFX"},"content":{"rendered":"<p>Benvenuti a RationalFX, la vostra guida di fiducia per navigare nel complesso mondo del trading forex. Il nostro viaggio \u00e8 iniziato nel 2005 come fornitore leader di servizi di cambio valuta e pagamenti internazionali. Per quasi due decenni, abbiamo aiutato individui e aziende a gestire le loro transazioni transfrontaliere con facilit\u00e0 ed efficienza.<\/p>\n<p>Nel 2024, abbiamo intrapreso un nuovo capitolo nella nostra storia. Markets Chain Limited ha acquisito RationalFX, e abbiamo subito una trasformazione significativa. Abbiamo utilizzato la nostra esperienza nel cambio valuta per creare un portale web all&#8217;avanguardia, dedicato ad aiutare i trader a trovare <a href=\"https:\/\/www.rationalfx.com\/it\/forex-brokers\/\">i migliori broker forex<\/a> e piattaforme di trading.<\/p>\n<h2>La Nostra Missione<\/h2>\n<p>Da RationalFX, la nostra missione \u00e8 di dare ai trader le conoscenze e gli strumenti di cui hanno bisogno per avere successo nel mercato forex. Ci impegniamo a fornire recensioni imparziali e basate sui dati delle piattaforme di trading forex, aiutandoti a prendere decisioni informate sul tuo percorso di trading. Il nostro obiettivo \u00e8 diventare la risorsa di riferimento per i trader che cercano informazioni affidabili, degne di fiducia e trasparenti sull&#8217;industria del forex.<\/p>\n<h2>Il Nostro Motore di Ricerca Proprietario<\/h2>\n<p>Il nostro innovativo motore di ricerca \u00e8 progettato per semplificare il processo di ricerca del broker forex perfetto. Inserendo i tuoi criteri specifici, come regolamentazione, spread, deposito minimo, metodi di deposito e piattaforme di trading, il nostro motore ti fornir\u00e0 un elenco personalizzato di broker top-rated che soddisfano le tue esigenze. Questo potente strumento \u00e8 il risultato di un&#8217;ampia ricerca e sviluppo del nostro team, garantendo l&#8217;accesso alle informazioni pi\u00f9 rilevanti e aggiornate.<\/p>\n<h2>I Nostri Valori<\/h2>\n<p>Da RationalFX, ci impegniamo nei confronti dei seguenti valori fondamentali:<\/p>\n<p><strong>Trasparenza:<\/strong> Crediamo nel fornire informazioni chiare, concise e imparziali per aiutarti a prendere decisioni informate.<br \/>\n<strong>Indipendenza:<\/strong> Le nostre recensioni e valutazioni si basano sulla nostra metodologia proprietaria, garantendo che le nostre raccomandazioni siano libere da influenze esterne.<br \/>\n<strong>Innovazione:<\/strong> Ci sforziamo continuamente di migliorare la nostra ricerca<\/p>\n<h2>RationalFX nei Media<\/h2>\n<h3>2025<\/h3>\n<h4><a href=\"https:\/\/hrme.economictimes.indiatimes.com\/news\/employee-experience\/over-2-8-million-tech-workers-lost-jobs-in-202411000-more-to-come-in-2025-how-to-stay-relevant\/117947126\" target=\"_blank\" rel=\"nofollow noopener noreferrer\">Oltre 2,8 milioni di lavoratori nel settore tecnologico hanno perso il lavoro nel 2024, altri 11.000 entro il 2025: Come rimanere rilevanti?<\/a><\/h4>\n<p style=\"font-size: 13px\"><strong>The Economic Times Business Verticals<\/strong> \u2022 06 feb 2025<\/p>\n<p>In questo articolo di <em><strong>The Economic Times&#8217; Business Verticals<\/strong><\/em>, viene citata la ricerca di RationalFX sulla crisi della forza lavoro nell&#8217;industria tecnologica. L&#8217;articolo evidenzia i significativi licenziamenti nel 2024, superando i 280.000, e il trend in corso nel 2025, sottolineando le sfide che i dipendenti affrontano nel mantenere la resilienza in mezzo all&#8217;incertezza nell&#8217;intero settore. <a href=\"https:\/\/hrme.economictimes.indiatimes.com\/news\/employee-experience\/over-2-8-million-tech-workers-lost-jobs-in-202411000-more-to-come-in-2025-how-to-stay-relevant\/117947126\" target=\"_blank\" rel=\"nofollow noopener noreferrer\">Leggi l&#8217;articolo \u2192<\/a><\/p>\n<h4><a href=\"https:\/\/www.economx.hu\/tech\/tech-allasok-elbocsatas-ai-projekt-atalakulas.803745.html\" target=\"_blank\" rel=\"nofollow noopener noreferrer\">R\u00e1j\u00e1r a r\u00fad a tech-szektorra: utc\u00e1ra ker\u00fclnek a munkav\u00e1llal\u00f3k<\/a><\/h4>\n<p style=\"font-size: 13px\"><strong>Economx.hu<\/strong> \u2022 05 feb 2025<\/p>\n<p>Gli approfondimenti autorevoli di <em><strong>Economx.hu<\/strong><\/em> mettono in luce la ricerca di RationalFX sulle dinamiche in evoluzione della forza lavoro tecnologica. Con quasi 281.000 dipendenti licenziati nel 2024, il percorso professionale IT una volta solido come una roccia sta subendo una trasformazione fondamentale. Mentre l&#8217;intelligenza artificiale e l&#8217;automazione rimodellano le richieste del settore, i ruoli full-time tradizionali stanno lasciando il passo a posizioni flessibili basate sui gig. Il rapporto sottolinea che questa tendenza \u00e8 destinata ad accelerare nel 2025, con grandi aziende come Meta, Microsoft e Amazon che guidano riduzioni di forza lavoro su larga scala per ottimizzare i costi e riallinearsi con le nuove strategie basate sull&#8217;IA. <a href=\"https:\/\/www.economx.hu\/tech\/tech-allasok-elbocsatas-ai-projekt-atalakulas.803745.html\" target=\"_blank\" rel=\"nofollow noopener noreferrer\">Leggi l&#8217;articolo \u2192<\/a><\/p>\n<h4><a href=\"https:\/\/hrportugal.sapo.pt\/crise-no-sector-tech-os-despedimentos-ultrapassaram-os-280-mil-em-2024-e-continuam-em-2025\/\" target=\"_blank\" rel=\"nofollow noopener noreferrer\">Crisi nel settore Tech: i licenziamenti hanno superato i 280 mila nel 2024 (e continuano nel 2025)<\/a><\/h4>\n<p style=\"font-size: 13px\"><strong>Human Resources Portugal<\/strong> \u2022 03 feb 2025<\/p>\n<p>In questo articolo di <em><strong>Human Resources Portugal<\/strong><\/em>, le intuizioni di RationalFX fanno luce sul panorama in cambiamento del settore tecnologico mentre i licenziamenti di massa ridefiniscono il futuro del settore. Con oltre 280.000 tagli di posti di lavoro registrati nel 2024 \u2014 molti concentrati negli Stati Uniti \u2014 l&#8217;analisi evidenzia come questa tendenza non sia solo un ostacolo temporaneo ma un segnale di cambiamenti strutturali pi\u00f9 profondi che continueranno nel 2025 e oltre. <a href=\"https:\/\/hrportugal.sapo.pt\/crise-no-sector-tech-os-despedimentos-ultrapassaram-os-280-mil-em-2024-e-continuam-em-2025\/\" target=\"_blank\" rel=\"nofollow noopener noreferrer\">Leggi l&#8217;articolo \u2192<\/a><\/p>\n<h4><a href=\"https:\/\/www.digitaljournal.com\/business\/more-to-come-over-280000-employees-in-the-tech-sector-laid-off-in-2024\/article\" target=\"_blank\" rel=\"nofollow noopener noreferrer\">Altri in arrivo? Oltre 280.000 dipendenti nel settore tecnologico licenziati nel 2024<\/a><\/h4>\n<p style=\"font-size: 13px\"><strong>Digital Journal<\/strong> \u2022 30 gen 2025<\/p>\n<p>Secondo <em><strong>Digital Journal<\/strong><\/em>, la ricerca di RationalFX evidenzia l&#8217;allarmante entit\u00e0 dei licenziamenti nel settore tecnologico, superando i 280.000 nel 2024. Il rapporto sottolinea che le aziende statunitensi sono state le pi\u00f9 colpite, rappresentando pi\u00f9 della met\u00e0 dei tagli di posti di lavoro. Mentre il trend continua nel 2025, l&#8217;analisi punta su cambiamenti pi\u00f9 profondi nel settore che potrebbero rimodellare il futuro dell&#8217;occupazione tecnologica. <a href=\"https:\/\/www.digitaljournal.com\/business\/more-to-come-over-280000-employees-in-the-tech-sector-laid-off-in-2024\/article\" target=\"_blank\" rel=\"nofollow noopener noreferrer\">Leggi l&#8217;articolo \u2192<\/a><\/p>\n<h3>2021<\/h3>\n<h4><a href=\"https:\/\/www.thestar.co.uk\/lifestyle\/homes-and-gardens\/biggest-rise-in-average-yorkshire-house-prices-are-in-sheffield-and-barnsley-3239480\" target=\"_blank\" rel=\"nofollow noopener noreferrer\">Il maggiore aumento dei prezzi medi delle case nello Yorkshire \u00e8 a Sheffield e Barnsley<\/a><\/h4>\n<p style=\"font-size: 13px\"><strong>The Star<\/strong> \u2022 17 mag 2021<\/p>\n<p>Secondo <em><strong>The Star<\/strong><\/em>, una ricerca condotta da RationalFX ha analizzato le tendenze dei prezzi delle case in oltre 400 aree nel Regno Unito, rivelando significative disparit\u00e0 regionali. I risultati hanno evidenziato il South Yorkshire come una regione eccezionale, con prezzi immobiliari in aumento di quasi 26% \u2014 superando l&#8217;aumento medio nazionale pur rimanendo al di sotto del livello complessivo dei prezzi delle case nel Regno Unito di quasi \u20ac100.000. La ricerca sottolinea l&#8217;esperienza di RationalFX nell&#8217;analisi finanziaria e il suo ruolo nel fornire soluzioni di pagamento globali intelligenti per individui e aziende che affrontano transazioni internazionali. <a href=\"https:\/\/www.thestar.co.uk\/lifestyle\/homes-and-gardens\/biggest-rise-in-average-yorkshire-house-prices-are-in-sheffield-and-barnsley-3239480\" target=\"_blank\" rel=\"nofollow noopener noreferrer\">Leggi l&#8217;articolo \u2192<\/a><\/p>\n<h4><a href=\"https:\/\/www.pymnts.com\/news\/faster-payments\/2021\/bank-independent-rides-real-time-rails-to-compete-with-big-banks\/\" target=\"_blank\" rel=\"nofollow noopener noreferrer\">Bank Independent utilizza i sistemi in tempo reale per competere con le grandi banche<\/a><\/h4>\n<p style=\"font-size: 13px\"><strong>PYMNTS.com<\/strong> \u2022 21 apr 2021<\/p>\n<p>In un recente articolo, <em><strong>PYMNTS.com<\/strong><\/em> ha evidenziato la collaborazione di RationalFX con ClearBank, volta a migliorare l&#8217;esperienza del cliente semplificando i trasferimenti da banca a banca. Questa collaborazione integra RationalFX e la sua societ\u00e0 affiliata, Xendpay, nel sistema Clearing House Automated Payments System e nel Faster Payments Service del Regno Unito, fornendo ai clienti un maggiore controllo e visibilit\u00e0 sulle loro transazioni. <a href=\"https:\/\/www.pymnts.com\/news\/faster-payments\/2021\/bank-independent-rides-real-time-rails-to-compete-with-big-banks\/\" target=\"_blank\" rel=\"nofollow noopener noreferrer\">Leggi l&#8217;articolo \u2192<\/a><\/p>\n<h3>2018<\/h3>\n<h4><a href=\"https:\/\/www.thisismoney.co.uk\/money\/experts\/article-5713243\/I-bought-house-France-retire-Whats-cheapest-way-pay-restoration.html\" target=\"_blank\" rel=\"nofollow noopener noreferrer\">Ho comprato una casa in Francia per ritirarmi: Qual \u00e8 il servizio di trasferimento di denaro pi\u00f9 economico per finanziare la ristrutturazione?<\/a><\/h4>\n<p style=\"font-size: 13px\"><strong>This is Money<\/strong> \u2022 14 mag 2018<\/p>\n<p>In un articolo di <em><strong>This is Money<\/strong><\/em>, RationalFX \u00e8 riconosciuta come una delle prime aziende pioniere del Regno Unito, fondata nel 2005, ad offrire un sistema di pagamento online. Rivolgendosi ai consumatori, offre basse commissioni, tassi di cambio competitivi e funzionalit\u00e0 avanzate come ordini di stop e limit, rendendola un&#8217;opzione notevole per individui che gestiscono transazioni internazionali. <a href=\"https:\/\/www.thisismoney.co.uk\/money\/experts\/article-5713243\/I-bought-house-France-retire-Whats-cheapest-way-pay-restoration.html\" target=\"_blank\" rel=\"nofollow noopener noreferrer\">Leggi l&#8217;articolo \u2192<\/a><\/p>\n<h4><a href=\"https:\/\/ripple.com\/insights\/xvia-opens-new-doors-in-emerging-markets\/\" target=\"_blank\" rel=\"nofollow noopener noreferrer\">xVia apre nuove porte nei mercati emergenti<\/a><\/h4>\n<p style=\"font-size: 13px\"><strong>Ripple<\/strong> \u2022 26 apr 2018<\/p>\n<p>Secondo <em><strong>Ripple<\/strong><\/em>, RationalFX ha aderito alla rete in espansione di RippleNet integrando la soluzione API xVia. Questa partnership consente a RationalFX di facilitare pagamenti transfrontalieri senza interruzioni e sbloccare l&#8217;accesso ai mercati emergenti con maggiore efficienza. Sfruttando la tecnologia all&#8217;avanguardia di Ripple, RationalFX rafforza il suo impegno nel fornire transazioni internazionali rapide e convenienti. <a href=\"https:\/\/ripple.com\/insights\/xvia-opens-new-doors-in-emerging-markets\/\" target=\"_blank\" rel=\"nofollow noopener noreferrer\">Leggi l&#8217;articolo \u2192<\/a><\/p>\n<h3>2016<\/h3>\n<h4><a href=\"https:\/\/realbusiness.co.uk\/the-future-of-fintech-in-the-wake-of-brexit\" target=\"_blank\" rel=\"nofollow noopener noreferrer\">Il futuro della fintech all&#8217;indomani della Brexit<\/a><\/h4>\n<p style=\"font-size: 13px\"><strong>Real Business<\/strong> \u2022 16 giu 2016<\/p>\n<p>In un articolo di <em><strong>Real Business<\/strong><\/em>, Paresh Davdra, co-fondatore e CEO di RationalFX, ha condiviso le sue opinioni sull&#8217;incertezza che circonda gli investimenti nella fintech all&#8217;indomani della Brexit. Ha evidenziato come gli investitori stessero trattenendo il supporto alle aziende britanniche a causa dell&#8217;imprevedibilit\u00e0 dell&#8217;esito del referendum. Con la posizione del Regno Unito come hub finanziario in gioco, Davdra ha sottolineato la necessit\u00e0 per le aziende di rimanere agili e prepararsi a tutti gli scenari possibili in un panorama economico in rapida evoluzione. <a href=\"https:\/\/realbusiness.co.uk\/the-future-of-fintech-in-the-wake-of-brexit\" target=\"_blank\" rel=\"nofollow noopener noreferrer\">Leggi l&#8217;articolo \u2192<\/a><\/p>\n<h3>2011<\/h3>\n<h4><a href=\"https:\/\/www.ibtimes.co.uk\/birmingham-city-sponsors-spread-festive-cheer-little-270860\" target=\"_blank\" rel=\"nofollow noopener noreferrer\">Gli sponsor del Birmingham City diffondono allegria festiva per la charity \u2018Little Hearts Matter\u2019<\/a><\/h4>\n<p style=\"font-size: 13px\"><strong>International Business Times<\/strong> \u2022 21 dic 2011<\/p>\n<p>In un&#8217;iniziativa commovente coperta da <em><strong>IBTimes UK<\/strong><\/em>, RationalFX ha dimostrato il suo impegno per l&#8217;impatto sociale donando i diritti di sponsorizzazione del Birmingham City FC alla charity Little Hearts Matter. Scelta tramite un voto pubblico su RationalFX.com, la charity sostiene bambini nati con met\u00e0 cuore funzionante. Rajesh Agrawal, Presidente e CEO di RationalFX, ha espresso l&#8217;orgoglio nel supportare una causa cos\u00ec significativa, sottolineando la dedizione dell&#8217;azienda a restituire alla comunit\u00e0 mentre continua la sua rapida crescita nel settore finanziario. <a href=\"https:\/\/www.ibtimes.co.uk\/birmingham-city-sponsors-spread-festive-cheer-little-270860\" target=\"_blank\" rel=\"nofollow noopener noreferrer\">Leggi l&#8217;articolo \u2192<\/a><\/p>\n","protected":false},"excerpt":{"rendered":"<p>Benvenuti a RationalFX, la vostra guida di fiducia per navigare nel complesso mondo del trading forex. Il nostro viaggio \u00e8 iniziato nel 2005 come fornitore leader di servizi di cambio valuta e pagamenti internazionali. Per quasi due decenni, abbiamo aiutato individui e aziende a gestire le loro transazioni transfrontaliere con facilit\u00e0 ed efficienza. Nel 2024, [&hellip;]<\/p>\n","protected":false},"author":1,"featured_media":0,"parent":0,"menu_order":0,"comment_status":"closed","ping_status":"closed","template":"","meta":{"footnotes":""},"class_list":["post-2442","page","type-page","status-publish","hentry"],"aioseo_notices":[],"_links":{"self":[{"href":"https:\/\/www.rationalfx.com\/it\/wp-json\/wp\/v2\/pages\/2442","targetHints":{"allow":["GET"]}}],"collection":[{"href":"https:\/\/www.rationalfx.com\/it\/wp-json\/wp\/v2\/pages"}],"about":[{"href":"https:\/\/www.rationalfx.com\/it\/wp-json\/wp\/v2\/types\/page"}],"author":[{"embeddable":true,"href":"https:\/\/www.rationalfx.com\/it\/wp-json\/wp\/v2\/users\/1"}],"replies":[{"embeddable":true,"href":"https:\/\/www.rationalfx.com\/it\/wp-json\/wp\/v2\/comments?post=2442"}],"version-history":[{"count":5,"href":"https:\/\/www.rationalfx.com\/it\/wp-json\/wp\/v2\/pages\/2442\/revisions"}],"predecessor-version":[{"id":4388,"href":"https:\/\/www.rationalfx.com\/it\/wp-json\/wp\/v2\/pages\/2442\/revisions\/4388"}],"wp:attachment":[{"href":"https:\/\/www.rationalfx.com\/it\/wp-json\/wp\/v2\/media?parent=2442"}],"curies":[{"name":"wp","href":"https:\/\/api.w.org\/{rel}","templated":true}]}}