{"id":3205,"date":"2025-02-26T15:51:53","date_gmt":"2025-02-26T15:51:53","guid":{"rendered":"https:\/\/www.rationalfx.com\/?page_id=3205"},"modified":"2025-09-15T14:21:45","modified_gmt":"2025-09-15T14:21:45","slug":"terms","status":"publish","type":"page","link":"https:\/\/www.rationalfx.com\/fr\/terms\/","title":{"rendered":"Conditions"},"content":{"rendered":"<h2>Conditions g\u00e9n\u00e9rales<\/h2>\n<h3>Introduction<\/h3>\n<p> Les pr\u00e9sentes conditions g\u00e9n\u00e9rales (\u00ab\u00a0Conditions\u00a0\u00bb) r\u00e9gissent votre utilisation du site web RationalFX.com (\u00ab\u00a0Site\u00a0\u00bb). En acc\u00e9dant et en utilisant le Site, vous acceptez d&rsquo;\u00eatre li\u00e9 par ces Conditions.<\/p>\n<h3>\u00c9ligibilit\u00e9<\/h3>\n<p> Le Site est destin\u00e9 \u00e0 \u00eatre utilis\u00e9 par des particuliers et des entreprises \u00e2g\u00e9s d&rsquo;au moins 18 ans et capables de conclure un contrat contraignant.<\/p>\n<h3>Propri\u00e9t\u00e9 intellectuelle<\/h3>\n<p> Tout le contenu, les marques d\u00e9pos\u00e9es et la propri\u00e9t\u00e9 intellectuelle pr\u00e9sents sur le Site sont la propri\u00e9t\u00e9 de RationalFX ou de ses conc\u00e9dants. Vous ne pouvez pas reproduire, modifier ou distribuer tout contenu sans autorisation \u00e9crite pr\u00e9alable.<\/p>\n<h3>Conduite de l&rsquo;utilisateur<\/h3>\n<p>Vous acceptez d&rsquo;utiliser le Site uniquement \u00e0 des fins l\u00e9gales et de ne pas :<br \/>\nT\u00e9l\u00e9verser ou transmettre du contenu nuisible ou diffamatoire<br \/>\nInterf\u00e9rer avec la fonctionnalit\u00e9 ou la s\u00e9curit\u00e9 du Site<br \/>\nUtiliser le Site \u00e0 des fins non autoris\u00e9es ou frauduleuses<\/p>\n<h3>Exclusion de garanties<\/h3>\n<p> Le Site est fourni \u00ab\u00a0en l&rsquo;\u00e9tat\u00a0\u00bb et \u00ab\u00a0selon disponibilit\u00e9\u00a0\u00bb sans garanties d&rsquo;aucune sorte, qu&rsquo;elles soient explicites ou implicites.<\/p>\n<h3>Limitation de responsabilit\u00e9<\/h3>\n<p> RationalFX ne sera pas responsable des dommages, pertes ou r\u00e9clamations r\u00e9sultant de votre utilisation du Site, sauf dans la mesure requise par la loi applicable.<\/p>\n<h3>Modifications des Conditions<\/h3>\n<p> RationalFX se r\u00e9serve le droit de modifier ces Conditions \u00e0 tout moment sans pr\u00e9avis. Votre utilisation continue du Site apr\u00e8s toute modification constitue votre acceptation des Conditions r\u00e9vis\u00e9es.<\/p>\n<h2>Conditions suppl\u00e9mentaires pour les services<\/h2>\n<p>Si vous utilisez des services fournis par RationalFX via le site Web, tels que le change de devises ou les services de paiement, vous acceptez d&rsquo;\u00eatre li\u00e9 par les conditions suppl\u00e9mentaires suivantes :<\/p>\n<h3>Conditions de service<\/h3>\n<p> La fourniture de services par RationalFX est soumise \u00e0 des termes et conditions distincts, qui vous seront fournis lorsque vous ferez une demande pour ces services ou les utiliserez.<\/p>\n<h3>Conformit\u00e9 r\u00e9glementaire<\/h3>\n<p> RationalFX n&rsquo;est pas responsable de garantir que vous respectez les exigences r\u00e9glementaires ou les lois applicables \u00e0 votre utilisation des services.<\/p>\n<p>En utilisant le site Web, vous reconnaissez avoir lu, compris et accept\u00e9 d&rsquo;\u00eatre li\u00e9 par ces Conditions.<\/p>\n","protected":false},"excerpt":{"rendered":"<p>Conditions g\u00e9n\u00e9rales Introduction Les pr\u00e9sentes conditions g\u00e9n\u00e9rales (\u00ab\u00a0Conditions\u00a0\u00bb) r\u00e9gissent votre utilisation du site web RationalFX.com (\u00ab\u00a0Site\u00a0\u00bb). En acc\u00e9dant et en utilisant le Site, vous acceptez d&rsquo;\u00eatre li\u00e9 par ces Conditions. \u00c9ligibilit\u00e9 Le Site est destin\u00e9 \u00e0 \u00eatre utilis\u00e9 par des particuliers et des entreprises \u00e2g\u00e9s d&rsquo;au moins 18 ans et capables de conclure un contrat [&hellip;]<\/p>\n","protected":false},"author":1,"featured_media":0,"parent":0,"menu_order":0,"comment_status":"closed","ping_status":"closed","template":"","meta":{"footnotes":""},"class_list":["post-3205","page","type-page","status-publish","hentry"],"aioseo_notices":[],"_links":{"self":[{"href":"https:\/\/www.rationalfx.com\/fr\/wp-json\/wp\/v2\/pages\/3205","targetHints":{"allow":["GET"]}}],"collection":[{"href":"https:\/\/www.rationalfx.com\/fr\/wp-json\/wp\/v2\/pages"}],"about":[{"href":"https:\/\/www.rationalfx.com\/fr\/wp-json\/wp\/v2\/types\/page"}],"author":[{"embeddable":true,"href":"https:\/\/www.rationalfx.com\/fr\/wp-json\/wp\/v2\/users\/1"}],"replies":[{"embeddable":true,"href":"https:\/\/www.rationalfx.com\/fr\/wp-json\/wp\/v2\/comments?post=3205"}],"version-history":[{"count":2,"href":"https:\/\/www.rationalfx.com\/fr\/wp-json\/wp\/v2\/pages\/3205\/revisions"}],"predecessor-version":[{"id":8072,"href":"https:\/\/www.rationalfx.com\/fr\/wp-json\/wp\/v2\/pages\/3205\/revisions\/8072"}],"wp:attachment":[{"href":"https:\/\/www.rationalfx.com\/fr\/wp-json\/wp\/v2\/media?parent=3205"}],"curies":[{"name":"wp","href":"https:\/\/api.w.org\/{rel}","templated":true}]}}