{"id":3202,"date":"2025-02-26T15:51:53","date_gmt":"2025-02-26T15:51:53","guid":{"rendered":"https:\/\/www.rationalfx.com\/?page_id=3202"},"modified":"2025-05-08T12:59:25","modified_gmt":"2025-05-08T12:59:25","slug":"about","status":"publish","type":"page","link":"https:\/\/www.rationalfx.com\/fr\/about\/","title":{"rendered":"\u00c0 propos de RationalFX"},"content":{"rendered":"<p>Bienvenue chez RationalFX, votre guide de confiance pour naviguer dans le monde complexe du trading forex. Notre aventure a commenc\u00e9 en 2005 en tant que fournisseur principal de services de change et de paiements internationaux. Pendant pr\u00e8s de deux d\u00e9cennies, nous avons aid\u00e9 les particuliers et les entreprises \u00e0 g\u00e9rer leurs transactions transfrontali\u00e8res avec aisance et efficacit\u00e9.<\/p>\n<p>En 2024, nous avons entam\u00e9 un nouveau chapitre de notre histoire. Markets Chain Limited a acquis RationalFX, et nous avons subi une transformation significative. Nous avons tir\u00e9 parti de notre expertise en change pour cr\u00e9er un portail web de pointe, d\u00e9di\u00e9 \u00e0 aider les traders \u00e0 trouver <a href=\"https:\/\/www.rationalfx.com\/fr\/forex-brokers\/\">les meilleurs courtiers forex<\/a> et plateformes de trading.<\/p>\n<h2>Notre mission<\/h2>\n<p>Chez RationalFX, notre mission est de donner aux traders les connaissances et les outils dont ils ont besoin pour r\u00e9ussir sur le march\u00e9 des changes. Nous nous effor\u00e7ons de fournir des avis impartiaux et bas\u00e9s sur des donn\u00e9es concernant les plateformes de trading forex, vous aidant \u00e0 prendre des d\u00e9cisions \u00e9clair\u00e9es concernant votre parcours de trading. Notre objectif est de devenir la ressource incontournable pour les traders cherchant des informations fiables, dignes de confiance et transparentes sur l&rsquo;industrie du forex.<\/p>\n<h2>Notre Moteur de Recherche Propri\u00e9taire<\/h2>\n<p>Notre moteur de recherche innovant est con\u00e7u pour simplifier le processus de recherche du courtier forex id\u00e9al. En entrant vos crit\u00e8res sp\u00e9cifiques, tels que la r\u00e9glementation, le spread, le d\u00e9p\u00f4t minimum, les m\u00e9thodes de d\u00e9p\u00f4t et les plateformes de trading, notre moteur vous fournira une liste personnalis\u00e9e de courtiers bien not\u00e9s r\u00e9pondant \u00e0 vos besoins. Cet outil puissant est le r\u00e9sultat des recherches et d\u00e9veloppements approfondis de notre \u00e9quipe, garantissant que vous avez acc\u00e8s aux informations les plus pertinentes et \u00e0 jour.<\/p>\n<h2>Nos Valeurs<\/h2>\n<p>Chez RationalFX, nous nous engageons \u00e0 respecter les valeurs fondamentales suivantes :<\/p>\n<p><strong>Transparence :<\/strong> Nous croyons en la fourniture d&rsquo;informations claires, concises et impartiales pour vous aider \u00e0 prendre des d\u00e9cisions \u00e9clair\u00e9es.<br \/>\n<strong>Ind\u00e9pendance :<\/strong> Nos avis et \u00e9valuations sont bas\u00e9s sur notre m\u00e9thodologie exclusive, garantissant que nos recommandations ne sont pas influenc\u00e9es par des influences externes.<br \/>\n<strong>Innovation :<\/strong> Nous nous effor\u00e7ons continuellement d&rsquo;am\u00e9liorer notre recherche.<\/p>\n<h2>RationalFX dans les M\u00e9dias<\/h2>\n<h3>2025<\/h3>\n<h4><a href=\"https:\/\/www.itpro.com\/business\/tech-layoffs-2025\" rel=\"nofollow noopener noreferrer\" target=\"_blank\">Les licenciements dans la tech ont d\u00e9j\u00e0 d\u00e9pass\u00e9 26 000 en 2025<\/a><\/h4>\n<p style=\"font-size: 13px\"><strong>ITPro<\/strong> \u2022 24 f\u00e9vrier 2025<\/p>\n<p>Dans un article r\u00e9cent de <em><strong>ITPro<\/strong><\/em>, la recherche approfondie de RationalFX met en lumi\u00e8re la vague persistante de licenciements dans le secteur technologique en 2025, avec plus de 26 000 postes supprim\u00e9s dans le monde depuis le d\u00e9but de l&rsquo;ann\u00e9e. L&rsquo;\u00e9tude r\u00e9v\u00e8le que les entreprises bas\u00e9es aux \u00c9tats-Unis ont repr\u00e9sent\u00e9 la majorit\u00e9 des suppressions, avec des acteurs majeurs comme Meta, Microsoft et STMicro en t\u00eate du r\u00e9duction des effectifs. Alan Cohen, analyste de donn\u00e9es chez RationalFX, a soulign\u00e9 que ces vagues r\u00e9p\u00e9t\u00e9es de licenciements signalent une crise plus profonde et continue de la main-d&rsquo;\u0153uvre dans le secteur technologique, aliment\u00e9e par des recrutements excessifs, des pressions \u00e9conomiques et une focalisation croissante sur l&rsquo;int\u00e9gration de l&rsquo;IA. <a href=\"https:\/\/www.itpro.com\/business\/tech-layoffs-2025\" rel=\"nofollow noopener noreferrer\" target=\"_blank\">Lire l&rsquo;article \u2192<\/a><\/p>\n<h4><a href=\"https:\/\/www.channelfutures.com\/channel-business\/tech-industry-layoffs-2025-the-full-list\" rel=\"nofollow noopener noreferrer\" target=\"_blank\">Licenciements dans le secteur technologique en 2025 : la liste compl\u00e8te<\/a><\/h4>\n<p style=\"font-size: 13px\"><strong>Channel Futures<\/strong> \u2022 21 f\u00e9vrier 2025<\/p>\n<p>Dans un rapport complet de <em><strong>Channel Futures<\/strong><\/em>, la recherche de RationalFX est mise en avant, soulignant l&rsquo;ampleur des licenciements dans le secteur technologique en 2024 et d\u00e9but 2025. L&rsquo;\u00e9tude a r\u00e9v\u00e9l\u00e9 que pr\u00e8s de 281 000 employ\u00e9s de la tech ont perdu leur emploi en 2024, avec plus de la moiti\u00e9 des licenciements aux \u00c9tats-Unis. Jusqu&rsquo;\u00e0 mi-f\u00e9vrier 2025, 10 000 travailleurs suppl\u00e9mentaires du secteur technologique ont \u00e9t\u00e9 licenci\u00e9s dans le monde. Les donn\u00e9es de RationalFX soulignent comment la restructuration de l&rsquo;industrie, les changements d&#8217;emploi dus \u00e0 l&rsquo;IA et les mesures de r\u00e9duction des co\u00fbts continuent de provoquer des r\u00e9ductions d&rsquo;effectifs, m\u00eame si la demande pour des r\u00f4les ax\u00e9s sur l&rsquo;IA augmente. <a href=\"https:\/\/www.channelfutures.com\/channel-business\/tech-industry-layoffs-2025-the-full-list\" rel=\"nofollow noopener noreferrer\" target=\"_blank\">Lire l&rsquo;article \u2192<\/a><\/p>\n<h4><a href=\"https:\/\/www.corriere.it\/economia\/lavoro\/25_febbraio_21\/big-tech-perche-le-aziende-aumentano-gli-utili-ma-continuano-a-licenziare-26-mila-tagli-solo-a-gennaio-43a57a65-2c8a-4635-a1c3-4c6ec7817xlk.shtml\" rel=\"nofollow noopener noreferrer\" target=\"_blank\">Big Tech, pourquoi les entreprises augmentent-elles leurs b\u00e9n\u00e9fices mais continuent de licencier : 26 000 suppressions rien qu&rsquo;en janvier<\/a><\/h4>\n<p style=\"font-size: 13px\"><strong>Corriere della Sera<\/strong> \u2022 21 f\u00e9vrier 2025<\/p>\n<p>Dans un article approfondi de <em><strong>Corriere della Sera<\/strong><\/em>, la recherche de RationalFX fournit un aper\u00e7u critique du paradoxe des b\u00e9n\u00e9fices croissants au milieu des licenciements massifs dans le secteur technologique. Le rapport, analys\u00e9 par l&rsquo;expert en donn\u00e9es de RationalFX, Alan Cohen, r\u00e9v\u00e8le que plus de 280 000 employ\u00e9s de la tech ont perdu leur emploi en 2024, avec les entreprises am\u00e9ricaines en t\u00eate des suppressions. Malgr\u00e9 des revenus records, des entreprises majeures comme Dell, Intel et Amazon ont continu\u00e9 \u00e0 r\u00e9duire leurs effectifs, pouss\u00e9es par des strat\u00e9gies de r\u00e9duction des co\u00fbts et l&rsquo;int\u00e9gration croissante de l&rsquo;intelligence artificielle, qui redessine les structures d&rsquo;entreprise et r\u00e9duit le besoin de r\u00f4les traditionnels. <a href=\"https:\/\/www.corriere.it\/economia\/lavoro\/25_febbraio_21\/big-tech-perche-le-aziende-aumentano-gli-utili-ma-continuano-a-licenziare-26-mila-tagli-solo-a-gennaio-43a57a65-2c8a-4635-a1c3-4c6ec7817xlk.shtml\" rel=\"nofollow noopener noreferrer\" target=\"_blank\">Lire l&rsquo;article \u2192<\/a><\/p>\n<h4><a href=\"https:\/\/www.axios.com\/local\/boston\/2025\/02\/21\/tech-companies-layoffs-massachusetts-2024\" rel=\"nofollow noopener noreferrer\" target=\"_blank\">Les entreprises technologiques ont supprim\u00e9 5 000 travailleurs dans le Massachusetts en 2024<\/a><\/h4>\n<p style=\"font-size: 13px\"><strong>Axios Boston<\/strong> \u2022 21 f\u00e9vrier 2025<\/p>\n<p>Comme rapport\u00e9 par <em><strong>Axios Boston<\/strong><\/em>, la derni\u00e8re analyse de RationalFX met en lumi\u00e8re les licenciements de grande envergure dans le secteur technologique en 2024, avec plus de 280 000 emplois perdus dans le monde \u2014 plus de la moiti\u00e9 aux \u00c9tats-Unis. Le rapport souligne que le Massachusetts, \u00e0 lui seul, a vu pr\u00e8s de 5 000 travailleurs du secteur technologique licenci\u00e9s, touchant particuli\u00e8rement les p\u00f4les comme le Grand Boston. RationalFX attribue ces r\u00e9ductions au surrecrutement post-pand\u00e9mie, \u00e0 l&rsquo;incertitude \u00e9conomique et \u00e0 l&rsquo;influence croissante de l&rsquo;IA, qui redessine les strat\u00e9gies d&rsquo;entreprise et conduit \u00e0 de nouvelles r\u00e9ductions de la main-d&rsquo;\u0153uvre. <a href=\"https:\/\/www.axios.com\/local\/boston\/2025\/02\/21\/tech-companies-layoffs-massachusetts-2024\" rel=\"nofollow noopener noreferrer\" target=\"_blank\">Lire l&rsquo;article \u2192<\/a><\/p>\n<h4><a href=\"https:\/\/www.capacitymedia.com\/article-tech-layoffs-continue-into-2025\" rel=\"nofollow noopener noreferrer\" target=\"_blank\">Les licenciements dans la tech se poursuivent en 2025 avec des r\u00e9ductions de 26 000 emplois suppl\u00e9mentaires<\/a><\/h4>\n<p style=\"font-size: 13px\"><strong>Capacity Media<\/strong> \u2022 21 f\u00e9vrier 2025<\/p>\n<p>Dans un rapport d\u00e9taill\u00e9 de <em><strong>Capacity Media<\/strong><\/em>, la recherche de RationalFX est cit\u00e9e pour souligner la vague continue de licenciements dans le secteur technologique en 2025. L&rsquo;\u00e9tude met en \u00e9vidence que plus de 26 000 emplois ont d\u00e9j\u00e0 \u00e9t\u00e9 supprim\u00e9s cette ann\u00e9e, apr\u00e8s les pr\u00e8s de 281 000 licenciements enregistr\u00e9s en 2024. L&rsquo;analyse de RationalFX r\u00e9v\u00e8le que les g\u00e9ants technologiques bas\u00e9s aux \u00c9tats-Unis, y compris Meta, Microsoft et Amazon, continuent de mener ces r\u00e9ductions de personnel, motiv\u00e9es par des conditions de march\u00e9 changeantes et des r\u00e9alignements strat\u00e9giques. Le rapport souligne les d\u00e9fis prolong\u00e9s auxquels font face les secteurs technologique et des t\u00e9l\u00e9communications en raison de l&rsquo;incertitude \u00e9conomique. <a href=\"https:\/\/www.capacitymedia.com\/article-tech-layoffs-continue-into-2025\" rel=\"nofollow noopener noreferrer\" target=\"_blank\">Lire l&rsquo;article \u2192<\/a><\/p>\n<h4><a href=\"https:\/\/hrme.economictimes.indiatimes.com\/news\/employee-experience\/over-2-8-million-tech-workers-lost-jobs-in-202411000-more-to-come-in-2025-how-to-stay-relevant\/117947126\" rel=\"nofollow noopener noreferrer\" target=\"_blank\">Plus de 2,8 millions de travailleurs de la tech ont perdu leur emploi en 2024, 11 000 de plus en 2025 : Comment rester pertinent ?<\/a><\/h4>\n<p style=\"font-size: 13px\"><strong>The Economic Times Business Verticals<\/strong> \u2022 6 f\u00e9vrier 2025<\/p>\n<p>Dans cet article de <em><strong>The Economic Times&rsquo; Business Verticals<\/strong><\/em>, la recherche de RationalFX sur la crise de la main-d&rsquo;\u0153uvre dans le secteur technologique est r\u00e9f\u00e9renc\u00e9e. Le texte met en lumi\u00e8re les licenciements importants en 2024, d\u00e9passant 280 000, et la tendance continue en 2025, soulignant les d\u00e9fis auxquels les employ\u00e9s sont confront\u00e9s pour maintenir leur r\u00e9silience face \u00e0 l&rsquo;incertitude g\u00e9n\u00e9ralis\u00e9e dans le secteur. <a href=\"https:\/\/hrme.economictimes.indiatimes.com\/news\/employee-experience\/over-2-8-million-tech-workers-lost-jobs-in-202411000-more-to-come-in-2025-how-to-stay-relevant\/117947126\" rel=\"nofollow noopener noreferrer\" target=\"_blank\">Lire l&rsquo;article \u2192<\/a><\/p>\n<h4><a href=\"https:\/\/www.economx.hu\/tech\/tech-allasok-elbocsatas-ai-projekt-atalakulas.803745.html\" rel=\"nofollow noopener noreferrer\" target=\"_blank\">Le secteur technologique est en difficult\u00e9 : les employ\u00e9s sont licenci\u00e9s<\/a><\/h4>\n<p style=\"font-size: 13px\"><strong>Economx.hu<\/strong> \u2022 5 f\u00e9vrier 2025<\/p>\n<p>Les informations autoris\u00e9es de <em><strong>Economx.hu<\/strong><\/em> mettent en lumi\u00e8re la recherche de RationalFX sur la dynamique \u00e9volutive de la main-d&rsquo;\u0153uvre dans le secteur technologique. Avec pr\u00e8s de 281 000 employ\u00e9s licenci\u00e9s en 2024, la carri\u00e8re IT autrefois solide subit une transformation fondamentale. Alors que l&rsquo;intelligence artificielle et l&rsquo;automatisation red\u00e9finissent les demandes de l&rsquo;industrie, les postes \u00e0 temps plein traditionnels c\u00e8dent la place \u00e0 des positions flexibles bas\u00e9es sur le travail \u00e0 la t\u00e2che. Le rapport souligne que cette tendance devrait s&rsquo;acc\u00e9l\u00e9rer en 2025, avec des entreprises majeures comme Meta, Microsoft et Amazon qui impulsent des r\u00e9ductions de main-d&rsquo;\u0153uvre \u00e0 grande \u00e9chelle pour optimiser les co\u00fbts et se r\u00e9aligner avec des strat\u00e9gies \u00e9mergentes orient\u00e9es IA. <a href=\"https:\/\/www.economx.hu\/tech\/tech-allasok-elbocsatas-ai-projekt-atalakulas.803745.html\" rel=\"nofollow noopener noreferrer\" target=\"_blank\">Lire l&rsquo;article \u2192<\/a><\/p>\n<h4><a href=\"https:\/\/hrportugal.sapo.pt\/crise-no-sector-tech-os-despedimentos-ultrapassaram-os-280-mil-em-2024-e-continuam-em-2025\/\" rel=\"nofollow noopener noreferrer\" target=\"_blank\">Crise dans le secteur de la tech : plus de 280 000 licenciements en 2024 (et cela continue en 2025)<\/a><\/h4>\n<p style=\"font-size: 13px\"><strong>Human Resources Portugal<\/strong> \u2022 3 f\u00e9vrier 2025<\/p>\n<p>Dans cet article de <em><strong>Human Resources Portugal<\/strong><\/em>, les perspectives de RationalFX \u00e9clairent le paysage changeant de l&rsquo;industrie technologique alors que les licenciements de masse red\u00e9finissent l&rsquo;avenir du secteur. Avec plus de 280 000 suppressions d&#8217;emplois enregistr\u00e9es en 2024 \u2014 dont beaucoup concentr\u00e9es aux \u00c9tats-Unis \u2014 l&rsquo;analyse met en \u00e9vidence comment cette tendance n&rsquo;est pas seulement un revers temporaire mais un signal de changements structurels plus profonds qui se poursuivront en 2025 et au-del\u00e0. <a href=\"https:\/\/hrportugal.sapo.pt\/crise-no-sector-tech-os-despedimentos-ultrapassaram-os-280-mil-em-2024-e-continuam-em-2025\/\" rel=\"nofollow noopener noreferrer\" target=\"_blank\">Lire l&rsquo;article \u2192<\/a><\/p>\n<h4><a href=\"https:\/\/www.digitaljournal.com\/business\/more-to-come-over-280000-employees-in-the-tech-sector-laid-off-in-2024\/article\" rel=\"nofollow noopener noreferrer\" target=\"_blank\">Encore \u00e0 venir ? Plus de 280 000 employ\u00e9s dans le secteur technologique licenci\u00e9s en 2024<\/a><\/h4>\n<p style=\"font-size: 13px\"><strong>Digital Journal<\/strong> \u2022 30 janvier 2025<\/p>\n<p>Selon <em><strong>Digital Journal<\/strong><\/em>, la recherche de RationalFX souligne l&rsquo;ampleur alarmante des licenciements dans le secteur de la tech, d\u00e9passant 280 000 en 2024. Le rapport souligne que les entreprises am\u00e9ricaines ont \u00e9t\u00e9 les plus touch\u00e9es, repr\u00e9sentant plus de la moiti\u00e9 des suppressions d&#8217;emplois. Alors que la tendance se poursuit en 2025, l&rsquo;analyse pointe des changements d&rsquo;industrie plus profonds qui pourraient red\u00e9finir l&rsquo;avenir de l&#8217;emploi dans la tech. <a href=\"https:\/\/www.digitaljournal.com\/business\/more-to-come-over-280000-employees-in-the-tech-sector-laid-off-in-2024\/article\" rel=\"nofollow noopener noreferrer\" target=\"_blank\">Lire l&rsquo;article \u2192<\/a><\/p>\n<h3>2021<\/h3>\n<h4><a href=\"https:\/\/www.thestar.co.uk\/lifestyle\/homes-and-gardens\/biggest-rise-in-average-yorkshire-house-prices-are-in-sheffield-and-barnsley-3239480\" rel=\"nofollow noopener noreferrer\" target=\"_blank\">La plus forte hausse des prix moyens des maisons dans le Yorkshire est \u00e0 Sheffield et Barnsley<\/a><\/h4>\n<p style=\"font-size: 13px\"><strong>The Star<\/strong> \u2022 17 mai 2021<\/p>\n<p>Selon <em><strong>The Star<\/strong><\/em>, une \u00e9tude men\u00e9e par RationalFX a analys\u00e9 les tendances des prix des maisons dans plus de 400 r\u00e9gions du Royaume-Uni, r\u00e9v\u00e9lant des disparit\u00e9s r\u00e9gionales significatives. Les r\u00e9sultats ont mis en avant le Yorkshire du Sud comme une r\u00e9gion exceptionnelle, avec une augmentation des prix de l&rsquo;immobilier de pr\u00e8s de 26 % \u2014 surpassant la hausse moyenne nationale tout en restant en dessous du niveau global des prix des maisons au Royaume-Uni de pr\u00e8s de 100 000 \u00a3. La recherche souligne l&rsquo;expertise de RationalFX en analyse financi\u00e8re et son r\u00f4le dans la fourniture de solutions de paiement globales intelligentes pour les particuliers et les entreprises naviguant dans les transactions internationales. <a href=\"https:\/\/www.thestar.co.uk\/lifestyle\/homes-and-gardens\/biggest-rise-in-average-yorkshire-house-prices-are-in-sheffield-and-barnsley-3239480\" rel=\"nofollow noopener noreferrer\" target=\"_blank\">Lire l&rsquo;article \u2192<\/a><\/p>\n<h4><a href=\"https:\/\/www.pymnts.com\/news\/faster-payments\/2021\/bank-independent-rides-real-time-rails-to-compete-with-big-banks\/\" rel=\"nofollow noopener noreferrer\" target=\"_blank\">Bank Independent utilise les rails en temps r\u00e9el pour rivaliser avec les grandes banques<\/a><\/h4>\n<p style=\"font-size: 13px\"><strong>PYMNTS.com<\/strong> \u2022 21 avril 2021<\/p>\n<p>Dans un article r\u00e9cent, <em><strong>PYMNTS.com<\/strong><\/em> a mis en lumi\u00e8re le partenariat de RationalFX avec ClearBank, visant \u00e0 am\u00e9liorer l&rsquo;exp\u00e9rience client en simplifiant les transferts de banque \u00e0 banque. Cette collaboration int\u00e8gre RationalFX et sa soci\u00e9t\u00e9 s\u0153ur, Xendpay, dans le syst\u00e8me de paiements automatis\u00e9s et le service de paiements rapides du Royaume-Uni, offrant aux clients un plus grand contr\u00f4le et une meilleure visibilit\u00e9 sur leurs transactions. <a href=\"https:\/\/www.pymnts.com\/news\/faster-payments\/2021\/bank-independent-rides-real-time-rails-to-compete-with-big-banks\/\" rel=\"nofollow noopener noreferrer\" target=\"_blank\">Lire l&rsquo;article \u2192<\/a><\/p>\n<h3>2018<\/h3>\n<h4><a href=\"https:\/\/www.thisismoney.co.uk\/money\/experts\/article-5713243\/I-bought-house-France-retire-Whats-cheapest-way-pay-restoration.html\" rel=\"nofollow noopener noreferrer\" target=\"_blank\">J&rsquo;ai achet\u00e9 une maison en France pour ma retraite : quel est le service de transfert d&rsquo;argent le moins cher pour financer la restauration ?<\/a><\/h4>\n<p style=\"font-size: 13px\"><strong>This is Money<\/strong> \u2022 14 mai 2018<\/p>\n<p>Dans un article de <em><strong>This is Money<\/strong><\/em>, RationalFX est reconnu comme une entreprise pionni\u00e8re bas\u00e9e au Royaume-Uni, \u00e9tablie en 2005, parmi les premi\u00e8res \u00e0 offrir un syst\u00e8me de paiement en ligne. Destin\u00e9e aux consommateurs, elle propose des frais bas, des taux de change comp\u00e9titifs, et des fonctionnalit\u00e9s avanc\u00e9es comme les ordres seuils et limites, ce qui en fait une option notable pour les particuliers g\u00e9rant des transactions internationales. <a href=\"https:\/\/www.thisismoney.co.uk\/money\/experts\/article-5713243\/I-bought-house-France-retire-Whats-cheapest-way-pay-restoration.html\" rel=\"nofollow noopener noreferrer\" target=\"_blank\">Lire l&rsquo;article \u2192<\/a><\/p>\n<h4><a href=\"https:\/\/ripple.com\/insights\/xvia-opens-new-doors-in-emerging-markets\/\" rel=\"nofollow noopener noreferrer\" target=\"_blank\">xVia ouvre de nouvelles portes sur les march\u00e9s \u00e9mergents<\/a><\/h4>\n<p style=\"font-size: 13px\"><strong>Ripple<\/strong> \u2022 26 avril 2018<\/p>\n<p>Selon <em><strong>Ripple<\/strong><\/em>, RationalFX a rejoint le r\u00e9seau croissant de RippleNet en int\u00e9grant la solution API de xVia. Ce partenariat permet \u00e0 RationalFX de faciliter les paiements transfrontaliers sans faille et de d\u00e9bloquer l&rsquo;acc\u00e8s aux march\u00e9s \u00e9mergents avec plus d&rsquo;efficacit\u00e9. En s&rsquo;appuyant sur la technologie de pointe de Ripple, RationalFX renforce son engagement \u00e0 fournir des transactions internationales rapides et rentables. <a href=\"https:\/\/ripple.com\/insights\/xvia-opens-new-doors-in-emerging-markets\/\" rel=\"nofollow noopener noreferrer\" target=\"_blank\">Lire l&rsquo;article \u2192<\/a><\/p>\n<h3>2016<\/h3>\n<h4><a href=\"https:\/\/realbusiness.co.uk\/the-future-of-fintech-in-the-wake-of-brexit\" rel=\"nofollow noopener noreferrer\" target=\"_blank\">L&rsquo;avenir de la fintech apr\u00e8s le Brexit<\/a><\/h4>\n<p style=\"font-size: 13px\"><strong>Real Business<\/strong> \u2022 16 juin 2016<\/p>\n<p>Dans un article de <em><strong>Real Business<\/strong><\/em>, Paresh Davdra, cofondateur et PDG de RationalFX, a partag\u00e9 ses r\u00e9flexions sur l&rsquo;incertitude entourant les investissements dans la fintech \u00e0 la suite du Brexit. Il a soulign\u00e9 comment les investisseurs h\u00e9sitaient \u00e0 soutenir les entreprises britanniques en raison de l&rsquo;impr\u00e9visibilit\u00e9 du r\u00e9sultat du r\u00e9f\u00e9rendum. Avec la position du Royaume-Uni en tant que plaque tournante financi\u00e8re en jeu, Davdra a soulign\u00e9 la n\u00e9cessit\u00e9 pour les entreprises de rester agiles et de se pr\u00e9parer \u00e0 tous les sc\u00e9narios possibles dans un paysage \u00e9conomique en \u00e9volution rapide. <a href=\"https:\/\/realbusiness.co.uk\/the-future-of-fintech-in-the-wake-of-brexit\" rel=\"nofollow noopener noreferrer\" target=\"_blank\">Lire l&rsquo;article \u2192<\/a><\/p>\n<h3>2011<\/h3>\n<h4><a href=\"https:\/\/www.ibtimes.co.uk\/birmingham-city-sponsors-spread-festive-cheer-little-270860\" rel=\"nofollow noopener noreferrer\" target=\"_blank\">Les sponsors de Birmingham City r\u00e9pandent la joie de No\u00ebl pour l&rsquo;association \u2018Little Hearts Matter\u2019<\/a><\/h4>\n<p style=\"font-size: 13px\"><strong>International Business Times<\/strong> \u2022 21 d\u00e9cembre 2011<\/p>\n<p>Dans une initiative r\u00e9confortante couverte par <em><strong>IBTimes UK<\/strong><\/em>, RationalFX a d\u00e9montr\u00e9 son engagement envers l&rsquo;impact social en donnant ses droits de sponsorisation du Birmingham City FC \u00e0 l&rsquo;association \u2018Little Hearts Matter\u2019. Choisie par un vote public sur RationalFX.com, l&rsquo;association soutient les enfants n\u00e9s avec un c\u0153ur fonctionnant \u00e0 moiti\u00e9. Rajesh Agrawal, pr\u00e9sident et PDG de RationalFX, a exprim\u00e9 sa fiert\u00e9 de soutenir une cause aussi significative, soulignant le d\u00e9vouement de l&rsquo;entreprise \u00e0 redonner tout en poursuivant sa croissance rapide dans le secteur financier. <a href=\"https:\/\/www.ibtimes.co.uk\/birmingham-city-sponsors-spread-festive-cheer-little-270860\" rel=\"nofollow noopener noreferrer\" target=\"_blank\">Lire l&rsquo;article \u2192<\/a><\/p>\n","protected":false},"excerpt":{"rendered":"<p>Bienvenue chez RationalFX, votre guide de confiance pour naviguer dans le monde complexe du trading forex. Notre aventure a commenc\u00e9 en 2005 en tant que fournisseur principal de services de change et de paiements internationaux. Pendant pr\u00e8s de deux d\u00e9cennies, nous avons aid\u00e9 les particuliers et les entreprises \u00e0 g\u00e9rer leurs transactions transfrontali\u00e8res avec aisance [&hellip;]<\/p>\n","protected":false},"author":1,"featured_media":0,"parent":0,"menu_order":0,"comment_status":"closed","ping_status":"closed","template":"","meta":{"footnotes":""},"class_list":["post-3202","page","type-page","status-publish","hentry"],"aioseo_notices":[],"_links":{"self":[{"href":"https:\/\/www.rationalfx.com\/fr\/wp-json\/wp\/v2\/pages\/3202","targetHints":{"allow":["GET"]}}],"collection":[{"href":"https:\/\/www.rationalfx.com\/fr\/wp-json\/wp\/v2\/pages"}],"about":[{"href":"https:\/\/www.rationalfx.com\/fr\/wp-json\/wp\/v2\/types\/page"}],"author":[{"embeddable":true,"href":"https:\/\/www.rationalfx.com\/fr\/wp-json\/wp\/v2\/users\/1"}],"replies":[{"embeddable":true,"href":"https:\/\/www.rationalfx.com\/fr\/wp-json\/wp\/v2\/comments?post=3202"}],"version-history":[{"count":1,"href":"https:\/\/www.rationalfx.com\/fr\/wp-json\/wp\/v2\/pages\/3202\/revisions"}],"predecessor-version":[{"id":3345,"href":"https:\/\/www.rationalfx.com\/fr\/wp-json\/wp\/v2\/pages\/3202\/revisions\/3345"}],"wp:attachment":[{"href":"https:\/\/www.rationalfx.com\/fr\/wp-json\/wp\/v2\/media?parent=3202"}],"curies":[{"name":"wp","href":"https:\/\/api.w.org\/{rel}","templated":true}]}}