{"id":3524,"date":"2025-02-27T12:07:42","date_gmt":"2025-02-27T12:07:42","guid":{"rendered":"https:\/\/www.rationalfx.com\/?page_id=3524"},"modified":"2025-09-15T14:22:12","modified_gmt":"2025-09-15T14:22:12","slug":"terms","status":"publish","type":"page","link":"https:\/\/www.rationalfx.com\/es\/terms\/","title":{"rendered":"T\u00e9rminos"},"content":{"rendered":"<h2>T\u00e9rminos y Condiciones<\/h2>\n<h3>Introducci\u00f3n<\/h3>\n<p> Estos t\u00e9rminos y condiciones (\u00abT\u00e9rminos\u00bb) regulan su uso del sitio web RationalFX.com (\u00abSitio web\u00bb). Al acceder y usar el Sitio web, usted acepta estar sujeto a estos T\u00e9rminos.<\/p>\n<h3>Elegibilidad<\/h3>\n<p> El Sitio web est\u00e1 destinado al uso de individuos y empresas que tengan al menos 18 a\u00f1os de edad y sean capaces de formar un contrato vinculante.<\/p>\n<h3>Propiedad Intelectual<\/h3>\n<p> Todo el contenido, marcas registradas y propiedad intelectual en el Sitio web son propiedad de RationalFX o sus licenciantes. No puede reproducir, modificar o distribuir ning\u00fan contenido sin previo permiso por escrito.<\/p>\n<h3>Conducta del Usuario<\/h3>\n<p> Usted acepta usar el Sitio web solo con fines legales y no para:<br \/>\nCargar o transmitir contenido da\u00f1ino o difamatorio<br \/>\nInterferir con la funcionalidad o seguridad del Sitio web<br \/>\nUsar el Sitio web para cualquier prop\u00f3sito no autorizado o fraudulento<\/p>\n<h3>Descargo de Responsabilidad de Garant\u00edas<\/h3>\n<p> El Sitio web se proporciona \u00abtal cual\u00bb y \u00abseg\u00fan disponibilidad\u00bb sin garant\u00edas de ning\u00fan tipo, ya sean expresas o impl\u00edcitas.<\/p>\n<h3>Limitaci\u00f3n de Responsabilidad<\/h3>\n<p> RationalFX no ser\u00e1 responsable de ning\u00fan da\u00f1o, p\u00e9rdida o reclamaci\u00f3n que surja de su uso del Sitio web, excepto en la medida requerida por la ley aplicable.<\/p>\n<h3>Cambios en los T\u00e9rminos<\/h3>\n<p> RationalFX se reserva el derecho de modificar estos T\u00e9rminos en cualquier momento sin previo aviso. Su uso continuado del Sitio web despu\u00e9s de cualquier cambio constituir\u00e1 su aceptaci\u00f3n de los T\u00e9rminos revisados.<\/p>\n<h2>T\u00e9rminos Adicionales para Servicios<\/h2>\n<p>Si utiliza cualquier servicio proporcionado por RationalFX a trav\u00e9s del Sitio Web, como servicios de cambio de divisas o de pago, acepta estar sujeto a los siguientes t\u00e9rminos adicionales:<\/p>\n<h3>T\u00e9rminos del Servicio<\/h3>\n<p> La prestaci\u00f3n de servicios por parte de RationalFX est\u00e1 sujeta a t\u00e9rminos y condiciones separados, los cuales se le proporcionar\u00e1n cuando solicite o utilice dichos servicios.<\/p>\n<h3>Cumplimiento Regulatorio<\/h3>\n<p> RationalFX no es responsable de garantizar que usted cumpla con los requisitos regulatorios o leyes aplicables a su uso de los servicios.<\/p>\n<p>Al utilizar el Sitio Web, usted reconoce que ha le\u00eddo, entendido y acepta estar sujeto a estos T\u00e9rminos.<\/p>\n","protected":false},"excerpt":{"rendered":"<p>T\u00e9rminos y Condiciones Introducci\u00f3n Estos t\u00e9rminos y condiciones (\u00abT\u00e9rminos\u00bb) regulan su uso del sitio web RationalFX.com (\u00abSitio web\u00bb). Al acceder y usar el Sitio web, usted acepta estar sujeto a estos T\u00e9rminos. Elegibilidad El Sitio web est\u00e1 destinado al uso de individuos y empresas que tengan al menos 18 a\u00f1os de edad y sean capaces [&hellip;]<\/p>\n","protected":false},"author":1,"featured_media":0,"parent":0,"menu_order":0,"comment_status":"closed","ping_status":"closed","template":"","meta":{"footnotes":""},"class_list":["post-3524","page","type-page","status-publish","hentry"],"aioseo_notices":[],"_links":{"self":[{"href":"https:\/\/www.rationalfx.com\/es\/wp-json\/wp\/v2\/pages\/3524","targetHints":{"allow":["GET"]}}],"collection":[{"href":"https:\/\/www.rationalfx.com\/es\/wp-json\/wp\/v2\/pages"}],"about":[{"href":"https:\/\/www.rationalfx.com\/es\/wp-json\/wp\/v2\/types\/page"}],"author":[{"embeddable":true,"href":"https:\/\/www.rationalfx.com\/es\/wp-json\/wp\/v2\/users\/1"}],"replies":[{"embeddable":true,"href":"https:\/\/www.rationalfx.com\/es\/wp-json\/wp\/v2\/comments?post=3524"}],"version-history":[{"count":2,"href":"https:\/\/www.rationalfx.com\/es\/wp-json\/wp\/v2\/pages\/3524\/revisions"}],"predecessor-version":[{"id":8077,"href":"https:\/\/www.rationalfx.com\/es\/wp-json\/wp\/v2\/pages\/3524\/revisions\/8077"}],"wp:attachment":[{"href":"https:\/\/www.rationalfx.com\/es\/wp-json\/wp\/v2\/media?parent=3524"}],"curies":[{"name":"wp","href":"https:\/\/api.w.org\/{rel}","templated":true}]}}