{"id":3521,"date":"2025-02-27T12:07:42","date_gmt":"2025-02-27T12:07:42","guid":{"rendered":"https:\/\/www.rationalfx.com\/?page_id=3521"},"modified":"2025-05-07T11:46:18","modified_gmt":"2025-05-07T11:46:18","slug":"about","status":"publish","type":"page","link":"https:\/\/www.rationalfx.com\/es\/about\/","title":{"rendered":"Acerca de RationalFX"},"content":{"rendered":"<p>Bienvenido a RationalFX, su gu\u00eda confiable para navegar en el complejo mundo del comercio de divisas. Nuestro viaje comenz\u00f3 en 2005 como un proveedor l\u00edder de servicios de cambio de divisas y pagos internacionales. Durante casi dos d\u00e9cadas, ayudamos a individuos y empresas a gestionar sus transacciones transfronterizas con facilidad y eficiencia.<\/p>\n<p>En 2024, emprendimos un nuevo cap\u00edtulo en nuestra historia. Markets Chain Limited adquiri\u00f3 RationalFX y experimentamos una transformaci\u00f3n significativa. Aprovechamos nuestra experiencia en cambio de divisas para crear un portal web de vanguardia, dedicado a ayudar a los operadores a encontrar <a href=\"https:\/\/www.rationalfx.com\/es\/forex-brokers\/\">los mejores br\u00f3kers de forex<\/a> y plataformas de operaci\u00f3n.<\/p>\n<h2>Nuestra Misi\u00f3n<\/h2>\n<p>En RationalFX, nuestra misi\u00f3n es empoderar a los operadores con el conocimiento y las herramientas que necesitan para tener \u00e9xito en el mercado forex. Nos esforzamos por proporcionar rese\u00f1as imparciales y basadas en datos de las plataformas de trading forex, ayud\u00e1ndote a tomar decisiones informadas sobre tu viaje de trading. Nuestro objetivo es convertirnos en el recurso de referencia para los operadores que buscan informaci\u00f3n confiable, de confianza y transparente sobre la industria forex.<\/p>\n<h2>Nuestro Motor de B\u00fasqueda Propietario<\/h2>\n<p>Nuestro motor de b\u00fasqueda innovador est\u00e1 dise\u00f1ado para simplificar el proceso de encontrar el br\u00f3ker de forex perfecto. Al ingresar tus criterios espec\u00edficos, como regulaci\u00f3n, spread, dep\u00f3sito m\u00ednimo, m\u00e9todos de dep\u00f3sito y plataformas de trading, nuestro motor te proporcionar\u00e1 una lista personalizada de br\u00f3kers de alta calificaci\u00f3n que satisfacen tus necesidades. Esta herramienta poderosa es el resultado de la extensa investigaci\u00f3n y desarrollo de nuestro equipo, asegurando que tengas acceso a la informaci\u00f3n m\u00e1s relevante y actualizada.<\/p>\n<h2>Nuestros Valores<\/h2>\n<p>En RationalFX, estamos comprometidos con los siguientes valores fundamentales:<\/p>\n<p><strong>Transparencia:<\/strong> Creemos en proporcionar informaci\u00f3n clara, concisa e imparcial para ayudarte a tomar decisiones informadas.<br \/>\n<strong>Independencia:<\/strong> Nuestras rese\u00f1as y calificaciones se basan en nuestra metodolog\u00eda propia, asegurando que nuestras recomendaciones est\u00e9n libres de influencias externas.<br \/>\n<strong>Innovaci\u00f3n:<\/strong> Nos esforzamos continuamente por mejorar nuestra b\u00fasqueda.<\/p>\n<h2>RationalFX en los Medios<\/h2>\n<h3>2025<\/h3>\n<h4><a href=\"https:\/\/www.itpro.com\/business\/tech-layoffs-2025\" rel=\"nofollow noopener noreferrer\" target=\"_blank\">Los despidos tecnol\u00f3gicos ya han superado los 26.000 en 2025<\/a><\/h4>\n<p style=\"font-size: 13px\"><strong>ITPro<\/strong> \u2022 24 de feb, 2025<\/p>\n<p>En un art\u00edculo reciente de <em><strong>ITPro<\/strong><\/em>, la investigaci\u00f3n exhaustiva de RationalFX destaca la persistente ola de despidos en el sector tecnol\u00f3gico en 2025, con m\u00e1s de 26.000 puestos eliminados a nivel mundial desde el comienzo del a\u00f1o. El estudio revela que las empresas en EE.UU. representaron la mayor\u00eda de los recortes, con grandes jugadores como Meta, Microsoft y STMicro liderando las reducciones. Alan Cohen, analista de datos de RationalFX, enfatiz\u00f3 que estas rondas repetidas de despidos se\u00f1alan una crisis laboral m\u00e1s profunda y continua en la industria tecnol\u00f3gica, impulsada por la sobrecontrataci\u00f3n, las presiones econ\u00f3micas y un creciente enfoque en la integraci\u00f3n de la IA. <a href=\"https:\/\/www.itpro.com\/business\/tech-layoffs-2025\" rel=\"nofollow noopener noreferrer\" target=\"_blank\">Leer el art\u00edculo \u2192<\/a><\/p>\n<h4><a href=\"https:\/\/www.channelfutures.com\/channel-business\/tech-industry-layoffs-2025-the-full-list\" rel=\"nofollow noopener noreferrer\" target=\"_blank\">Despidos en la Industria Tecnol\u00f3gica 2025: La Lista Completa<\/a><\/h4>\n<p style=\"font-size: 13px\"><strong>Channel Futures<\/strong> \u2022 21 de feb, 2025<\/p>\n<p>En un informe exhaustivo de <em><strong>Channel Futures<\/strong><\/em>, se destaca la investigaci\u00f3n de RationalFX sobre la escala de despidos en el sector tecnol\u00f3gico en 2024 y principios de 2025. El estudio revel\u00f3 que casi 281.000 empleados tecnol\u00f3gicos perdieron sus empleos en 2024, con m\u00e1s de la mitad de los despidos ocurriendo en EE.UU. Para mediados de febrero de 2025, otros 10.000 trabajadores tecnol\u00f3gicos hab\u00edan sido despedidos globalmente. Los datos de RationalFX subrayan c\u00f3mo la reestructuraci\u00f3n de la industria, los cambios laborales impulsados por la IA y las medidas de reducci\u00f3n de costos contin\u00faan impulsando las reducciones de personal, incluso cuando la demanda de roles enfocados en IA aumenta. <a href=\"https:\/\/www.channelfutures.com\/channel-business\/tech-industry-layoffs-2025-the-full-list\" rel=\"nofollow noopener noreferrer\" target=\"_blank\">Leer el art\u00edculo \u2192<\/a><\/p>\n<h4><a href=\"https:\/\/www.corriere.it\/economia\/lavoro\/25_febbraio_21\/big-tech-perche-le-aziende-aumentano-gli-utili-ma-continuano-a-licenziare-26-mila-tagli-solo-a-gennaio-43a57a65-2c8a-4635-a1c3-4c6ec7817xlk.shtml\" rel=\"nofollow noopener noreferrer\" target=\"_blank\">Big Tech, \u00bfpor qu\u00e9 las empresas aumentan las ganancias pero contin\u00faan despidiendo: 26 mil recortes solo en enero?<\/a><\/h4>\n<p style=\"font-size: 13px\"><strong>Corriere della Sera<\/strong> \u2022 21 de feb, 2025<\/p>\n<p>En un art\u00edculo a fondo de <em><strong>Corriere della Sera<\/strong><\/em>, la investigaci\u00f3n de RationalFX proporciona una visi\u00f3n cr\u00edtica del paradojo de las ganancias crecientes en medio de despidos masivos en el sector tecnol\u00f3gico. El informe, analizado por el experto en datos de RationalFX Alan Cohen, revela que m\u00e1s de 280.000 empleados tecnol\u00f3gicos perdieron sus empleos en 2024, con empresas estadounidenses liderando los recortes. A pesar de ingresos r\u00e9cord, grandes compa\u00f1\u00edas como Dell, Intel y Amazon contin\u00faan reduciendo personal, impulsadas por estrategias de reducci\u00f3n de costos y la creciente integraci\u00f3n de inteligencia artificial, que est\u00e1 transformando las estructuras corporativas y reduciendo la necesidad de roles tradicionales. <a href=\"https:\/\/www.corriere.it\/economia\/lavoro\/25_febbraio_21\/big-tech-perche-le-aziende-aumentano-gli-utili-ma-continuano-a-licenziare-26-mila-tagli-solo-a-gennaio-43a57a65-2c8a-4635-a1c3-4c6ec7817xlk.shtml\" rel=\"nofollow noopener noreferrer\" target=\"_blank\">Leer el art\u00edculo \u2192<\/a><\/p>\n<h4><a href=\"https:\/\/www.axios.com\/local\/boston\/2025\/02\/21\/tech-companies-layoffs-massachusetts-2024\" rel=\"nofollow noopener noreferrer\" target=\"_blank\">Las empresas tecnol\u00f3gicas despidieron a 5.000 trabajadores en Massachusetts en 2024<\/a><\/h4>\n<p style=\"font-size: 13px\"><strong>Axios Boston<\/strong> \u2022 21 de feb, 2025<\/p>\n<p>Seg\u00fan reporta <em><strong>Axios Boston<\/strong><\/em>, el \u00faltimo an\u00e1lisis de RationalFX arroja luz sobre los masivos despidos en 2024, con m\u00e1s de 280.000 empleos perdidos globalmente, m\u00e1s de la mitad en EE.UU. El informe destaca que solo Massachusetts vio casi 5.000 trabajadores tecnol\u00f3gicos despedidos, afectando particularmente a centros como el \u00e1rea del Gran Boston. RationalFX atribuye estos recortes a la sobrecontrataci\u00f3n poste-pandemia, la incertidumbre econ\u00f3mica y la creciente influencia de la IA, que est\u00e1n transformando las estrategias corporativas y propiciando nuevas reducciones de plantilla. <a href=\"https:\/\/www.axios.com\/local\/boston\/2025\/02\/21\/tech-companies-layoffs-massachusetts-2024\" rel=\"nofollow noopener noreferrer\" target=\"_blank\">Leer el art\u00edculo \u2192<\/a><\/p>\n<h4><a href=\"https:\/\/www.capacitymedia.com\/article-tech-layoffs-continue-into-2025\" rel=\"nofollow noopener noreferrer\" target=\"_blank\">Los despidos tecnol\u00f3gicos contin\u00faan en 2025 mientras la industria recorta otros 26.000 empleos<\/a><\/h4>\n<p style=\"font-size: 13px\"><strong>Capacity Media<\/strong> \u2022 21 de feb, 2025<\/p>\n<p>En un informe detallado de <em><strong>Capacity Media<\/strong><\/em>, se cita la investigaci\u00f3n de RationalFX para subrayar la ola continua de despidos en el sector tecnol\u00f3gico en 2025. El estudio se\u00f1ala que ya se han recortado m\u00e1s de 26.000 empleos este a\u00f1o, tras los casi 281.000 despidos registrados en 2024. El an\u00e1lisis de RationalFX revela que los gigantes tecnol\u00f3gicos con sede en EE.UU., incluidos Meta, Microsoft y Amazon, contin\u00faan liderando estas reducciones de personal, impulsadas por las cambiantes condiciones del mercado y los realineamientos estrat\u00e9gicos. El informe enfatiza los desaf\u00edos prolongados que enfrentan los sectores tecnol\u00f3gico y de telecomunicaciones en medio de la incertidumbre econ\u00f3mica. <a href=\"https:\/\/www.capacitymedia.com\/article-tech-layoffs-continue-into-2025\" rel=\"nofollow noopener noreferrer\" target=\"_blank\">Leer el art\u00edculo \u2192<\/a><\/p>\n<h4><a href=\"https:\/\/hrme.economictimes.indiatimes.com\/news\/employee-experience\/over-2-8-million-tech-workers-lost-jobs-in-202411000-more-to-come-in-2025-how-to-stay-relevant\/117947126\" rel=\"nofollow noopener noreferrer\" target=\"_blank\">M\u00e1s de 2,8 millones de trabajadores tecnol\u00f3gicos perdieron sus empleos en 2024, 11.000 m\u00e1s por venir en 2025: \u00bfC\u00f3mo mantenerse relevante?<\/a><\/h4>\n<p style=\"font-size: 13px\"><strong>The Economic Times Business Verticals<\/strong> \u2022 06 de feb, 2025<\/p>\n<p>En este art\u00edculo de <em><strong>The Economic Times&#8217; Business Verticals<\/strong><\/em>, se hace referencia a la investigaci\u00f3n de RationalFX sobre la crisis laboral en la industria tecnol\u00f3gica. El texto destaca los significativos despidos en 2024, que superaron los 280.000, y la tendencia contin\u00faa en 2025, enfatizando los desaf\u00edos que los empleados enfrentan para mantener la resiliencia en medio de la incertidumbre generalizada en la industria. <a href=\"https:\/\/hrme.economictimes.indiatimes.com\/news\/employee-experience\/over-2-8-million-tech-workers-lost-jobs-in-202411000-more-to-come-in-2025-how-to-stay-relevant\/117947126\" rel=\"nofollow noopener noreferrer\" target=\"_blank\">Leer el art\u00edculo \u2192<\/a><\/p>\n<h4><a href=\"https:\/\/www.economx.hu\/tech\/tech-allasok-elbocsatas-ai-projekt-atalakulas.803745.html\" rel=\"nofollow noopener noreferrer\" target=\"_blank\">R\u00e1j\u00e1r a r\u00fad a tech-szektorra: utc\u00e1ra ker\u00fclnek a munkav\u00e1llal\u00f3k<\/a><\/h4>\n<p style=\"font-size: 13px\"><strong>Economx.hu<\/strong> \u2022 05 de feb, 2025<\/p>\n<p>Los conocimientos autorizados de <em><strong>Economx.hu<\/strong><\/em> destacan la investigaci\u00f3n de RationalFX sobre la evoluci\u00f3n de la din\u00e1mica de la fuerza laboral tecnol\u00f3gica. Con casi 281.000 empleados despedidos en 2024, la trayectoria laboral estable en TI est\u00e1 pasando por una transformaci\u00f3n fundamental. A medida que la inteligencia artificial y la automatizaci\u00f3n reconfiguran las demandas de la industria, los roles tradicionales a tiempo completo est\u00e1n dando lugar a posiciones flexibles basadas en trabajos puntuales. El informe subraya que esta tendencia se acelerar\u00e1 en 2025, con grandes compa\u00f1\u00edas como Meta, Microsoft y Amazon liderando las reducciones masivas de personal para optimizar costos y realinearse con las crecientes estrategias impulsadas por la IA. <a href=\"https:\/\/www.economx.hu\/tech\/tech-allasok-elbocsatas-ai-projekt-atalakulas.803745.html\" rel=\"nofollow noopener noreferrer\" target=\"_blank\">Leer el art\u00edculo \u2192<\/a><\/p>\n<h4><a href=\"https:\/\/hrportugal.sapo.pt\/crise-no-sector-tech-os-despedimentos-ultrapassaram-os-280-mil-em-2024-e-continuam-em-2025\/\" rel=\"nofollow noopener noreferrer\" target=\"_blank\">Crisis en el sector Tech: los despidos superaron los 280 mil en 2024 (y contin\u00faan en 2025)<\/a><\/h4>\n<p style=\"font-size: 13px\"><strong>Human Resources Portugal<\/strong> \u2022 03 de feb, 2025<\/p>\n<p>En este art\u00edculo de <em><strong>Human Resources Portugal<\/strong><\/em>, las perspectivas de RationalFX arrojan luz sobre el cambiante panorama de la industria tecnol\u00f3gica a medida que los despidos masivos redefinen el futuro del sector. Con m\u00e1s de 280.000 recortes de empleo registrados en 2024, muchos concentrados en EE.UU., el an\u00e1lisis destaca c\u00f3mo esta tendencia no es solo un contratiempo temporal, sino un indicio de cambios estructurales m\u00e1s profundos que continuar\u00e1n en 2025 y m\u00e1s all\u00e1. <a href=\"https:\/\/hrportugal.sapo.pt\/crise-no-sector-tech-os-despedimentos-ultrapassaram-os-280-mil-em-2024-e-continuam-em-2025\/\" rel=\"nofollow noopener noreferrer\" target=\"_blank\">Leer el art\u00edculo \u2192<\/a><\/p>\n<h4><a href=\"https:\/\/www.digitaljournal.com\/business\/more-to-come-over-280000-employees-in-the-tech-sector-laid-off-in-2024\/article\" rel=\"nofollow noopener noreferrer\" target=\"_blank\">\u00bfM\u00e1s por venir? M\u00e1s de 280.000 empleados en el sector tecnol\u00f3gico despedidos en 2024<\/a><\/h4>\n<p style=\"font-size: 13px\"><strong>Digital Journal<\/strong> \u2022 30 de ene, 2025<\/p>\n<p>Seg\u00fan <em><strong>Digital Journal<\/strong><\/em>, la investigaci\u00f3n de RationalFX destaca la alarmante escala de despidos en el sector tecnol\u00f3gico, superando los 280.000 en 2024. El informe enfatiza que las empresas de EE.UU. fueron las m\u00e1s afectadas, representando m\u00e1s de la mitad de los despidos. A medida que la tendencia contin\u00faa en 2025, el an\u00e1lisis apunta a cambios m\u00e1s profundos en la industria que podr\u00edan redefinir el futuro del empleo tecnol\u00f3gico. <a href=\"https:\/\/www.digitaljournal.com\/business\/more-to-come-over-280000-employees-in-the-tech-sector-laid-off-in-2024\/article\" rel=\"nofollow noopener noreferrer\" target=\"_blank\">Leer el art\u00edculo \u2192<\/a><\/p>\n<h3>2021<\/h3>\n<h4><a href=\"https:\/\/www.thestar.co.uk\/lifestyle\/homes-and-gardens\/biggest-rise-in-average-yorkshire-house-prices-are-in-sheffield-and-barnsley-3239480\" rel=\"nofollow noopener noreferrer\" target=\"_blank\">La mayor subida en los precios de casas promedio de Yorkshire est\u00e1 en Sheffield y Barnsley<\/a><\/h4>\n<p style=\"font-size: 13px\"><strong>The Star<\/strong> \u2022 17 de may, 2021<\/p>\n<p>Seg\u00fan <em><strong>The Star<\/strong><\/em>, un estudio realizado por RationalFX analiz\u00f3 las tendencias de precios de casas en m\u00e1s de 400 \u00e1reas del Reino Unido, revelando disparidades regionales significativas. Los hallazgos destacaron a Yorkshire del Sur como una regi\u00f3n destacada, con precios de propiedad incrementando casi un 26%, superando el aumento promedio nacional, mientras se mantienen por debajo del nivel general de precios de casas en el Reino Unido por casi 100.000 \u00a3. La investigaci\u00f3n destaca la experiencia de RationalFX en an\u00e1lisis financiero y su papel en proporcionar soluciones de pago globales inteligentes para individuos y empresas que navegan transacciones internacionales. <a href=\"https:\/\/www.thestar.co.uk\/lifestyle\/homes-and-gardens\/biggest-rise-in-average-yorkshire-house-prices-are-in-sheffield-and-barnsley-3239480\" rel=\"nofollow noopener noreferrer\" target=\"_blank\">Leer el art\u00edculo \u2192<\/a><\/p>\n<h4><a href=\"https:\/\/www.pymnts.com\/news\/faster-payments\/2021\/bank-independent-rides-real-time-rails-to-compete-with-big-banks\/\" rel=\"nofollow noopener noreferrer\" target=\"_blank\">Bank Independent aprovecha las v\u00edas en tiempo real para competir con los grandes bancos<\/a><\/h4>\n<p style=\"font-size: 13px\"><strong>PYMNTS.com<\/strong> \u2022 21 de abr, 2021<\/p>\n<p>En un reciente art\u00edculo, <em><strong>PYMNTS.com<\/strong><\/em> destac\u00f3 la asociaci\u00f3n de RationalFX con ClearBank, destinada a mejorar la experiencia del cliente al agilizar las transferencias de banco a banco. Esta colaboraci\u00f3n integra a RationalFX y su empresa hermana, Xendpay, en el Sistema Automatizado de Pagos de Clearing House del Reino Unido y el Servicio de Pagos R\u00e1pidos, proporcionando a los clientes un mayor control y visibilidad sobre sus transacciones. <a href=\"https:\/\/www.pymnts.com\/news\/faster-payments\/2021\/bank-independent-rides-real-time-rails-to-compete-with-big-banks\/\" rel=\"nofollow noopener noreferrer\" target=\"_blank\">Leer el art\u00edculo \u2192<\/a><\/p>\n<h3>2018<\/h3>\n<h4><a href=\"https:\/\/www.thisismoney.co.uk\/money\/experts\/article-5713243\/I-bought-house-France-retire-Whats-cheapest-way-pay-restoration.html\" rel=\"nofollow noopener noreferrer\" target=\"_blank\">He comprado una casa en Francia para jubilarme: \u00bfCu\u00e1l es el servicio de transferencia de dinero m\u00e1s barato para financiar la restauraci\u00f3n?<\/a><\/h4>\n<p style=\"font-size: 13px\"><strong>This is Money<\/strong> \u2022 14 de may, 2018<\/p>\n<p>En un reportaje de <em><strong>This is Money<\/strong><\/em>, RationalFX es reconocida como una empresa pionera con sede en el Reino Unido, establecida en 2005, entre las primeras en ofrecer un sistema de pago en l\u00ednea. Atendiendo a consumidores, ofrece tarifas bajas, tipos de cambio competitivos y caracter\u00edsticas avanzadas como \u00f3rdenes stop y limit, lo que la convierte en una opci\u00f3n notable para individuos que gestionan transacciones internacionales. <a href=\"https:\/\/www.thisismoney.co.uk\/money\/experts\/article-5713243\/I-bought-house-France-retire-Whats-cheapest-way-pay-restoration.html\" rel=\"nofollow noopener noreferrer\" target=\"_blank\">Leer el art\u00edculo \u2192<\/a><\/p>\n<h4><a href=\"https:\/\/ripple.com\/insights\/xvia-opens-new-doors-in-emerging-markets\/\" rel=\"nofollow noopener noreferrer\" target=\"_blank\">xVia abre nuevas puertas en mercados emergentes<\/a><\/h4>\n<p style=\"font-size: 13px\"><strong>Ripple<\/strong> \u2022 26 de abr, 2018<\/p>\n<p>Seg\u00fan <em><strong>Ripple<\/strong><\/em>, RationalFX se ha unido a la creciente red de RippleNet al integrar la soluci\u00f3n API de xVia. Esta colaboraci\u00f3n permite a RationalFX facilitar pagos transfronterizos sin inconvenientes y desbloquear el acceso a mercados emergentes con mayor eficiencia. Al aprovechar la tecnolog\u00eda de vanguardia de Ripple, RationalFX refuerza su compromiso de proporcionar transacciones internacionales r\u00e1pidas y rentables. <a href=\"https:\/\/ripple.com\/insights\/xvia-opens-new-doors-in-emerging-markets\/\" rel=\"nofollow noopener noreferrer\" target=\"_blank\">Leer el art\u00edculo \u2192<\/a><\/p>\n<h3>2016<\/h3>\n<h4><a href=\"https:\/\/realbusiness.co.uk\/the-future-of-fintech-in-the-wake-of-brexit\" rel=\"nofollow noopener noreferrer\" target=\"_blank\">El futuro de las fintech tras el Brexit<\/a><\/h4>\n<p style=\"font-size: 13px\"><strong>Real Business<\/strong> \u2022 16 de jun, 2016<\/p>\n<p>En un art\u00edculo de <em><strong>Real Business<\/strong><\/em>, Paresh Davdra, cofundador y CEO de RationalFX, comparti\u00f3 ideas sobre la incertidumbre que rodea las inversiones en fintech tras el Brexit. Destac\u00f3 c\u00f3mo los inversores se abstuvieron de apoyar a empresas del Reino Unido debido a la imprevisibilidad del resultado del refer\u00e9ndum. Con la posici\u00f3n del Reino Unido como centro financiero en juego, Davdra enfatiz\u00f3 la necesidad de que las empresas se mantengan \u00e1giles y se preparen para todos los posibles escenarios en un entorno econ\u00f3mico que evoluciona r\u00e1pidamente. <a href=\"https:\/\/realbusiness.co.uk\/the-future-of-fintech-in-the-wake-of-brexit\" rel=\"nofollow noopener noreferrer\" target=\"_blank\">Leer el art\u00edculo \u2192<\/a><\/p>\n<h3>2011<\/h3>\n<h4><a href=\"https:\/\/www.ibtimes.co.uk\/birmingham-city-sponsors-spread-festive-cheer-little-270860\" rel=\"nofollow noopener noreferrer\" target=\"_blank\">Los patrocinadores de Birmingham City esparcen alegr\u00eda festiva para la caridad &#8216;Little Hearts Matter&#8217;<\/a><\/h4>\n<p style=\"font-size: 13px\"><strong>International Business Times<\/strong> \u2022 21 de dic, 2011<\/p>\n<p>En una iniciativa conmovedora cubierta por <em><strong>IBTimes UK<\/strong><\/em>, RationalFX demostr\u00f3 su compromiso con el impacto social donando sus derechos de patrocinio del Birmingham City FC a la organizaci\u00f3n ben\u00e9fica Little Hearts Matter. Escogida por votaci\u00f3n p\u00fablica en RationalFX.com, la caridad apoya a ni\u00f1os nacidos con medio coraz\u00f3n funcional. Rajesh Agrawal, Presidente y CEO de RationalFX, expres\u00f3 su orgullo por respaldar una causa tan significativa, enfatizando la dedicaci\u00f3n de la empresa de retribuir mientras contin\u00faa su r\u00e1pido crecimiento en el sector financiero. <a href=\"https:\/\/www.ibtimes.co.uk\/birmingham-city-sponsors-spread-festive-cheer-little-270860\" rel=\"nofollow noopener noreferrer\" target=\"_blank\">Leer el art\u00edculo \u2192<\/a><\/p>\n","protected":false},"excerpt":{"rendered":"<p>Bienvenido a RationalFX, su gu\u00eda confiable para navegar en el complejo mundo del comercio de divisas. Nuestro viaje comenz\u00f3 en 2005 como un proveedor l\u00edder de servicios de cambio de divisas y pagos internacionales. Durante casi dos d\u00e9cadas, ayudamos a individuos y empresas a gestionar sus transacciones transfronterizas con facilidad y eficiencia. En 2024, emprendimos [&hellip;]<\/p>\n","protected":false},"author":1,"featured_media":0,"parent":0,"menu_order":0,"comment_status":"closed","ping_status":"closed","template":"","meta":{"footnotes":""},"class_list":["post-3521","page","type-page","status-publish","hentry"],"aioseo_notices":[],"_links":{"self":[{"href":"https:\/\/www.rationalfx.com\/es\/wp-json\/wp\/v2\/pages\/3521","targetHints":{"allow":["GET"]}}],"collection":[{"href":"https:\/\/www.rationalfx.com\/es\/wp-json\/wp\/v2\/pages"}],"about":[{"href":"https:\/\/www.rationalfx.com\/es\/wp-json\/wp\/v2\/types\/page"}],"author":[{"embeddable":true,"href":"https:\/\/www.rationalfx.com\/es\/wp-json\/wp\/v2\/users\/1"}],"replies":[{"embeddable":true,"href":"https:\/\/www.rationalfx.com\/es\/wp-json\/wp\/v2\/comments?post=3521"}],"version-history":[{"count":4,"href":"https:\/\/www.rationalfx.com\/es\/wp-json\/wp\/v2\/pages\/3521\/revisions"}],"predecessor-version":[{"id":5361,"href":"https:\/\/www.rationalfx.com\/es\/wp-json\/wp\/v2\/pages\/3521\/revisions\/5361"}],"wp:attachment":[{"href":"https:\/\/www.rationalfx.com\/es\/wp-json\/wp\/v2\/media?parent=3521"}],"curies":[{"name":"wp","href":"https:\/\/api.w.org\/{rel}","templated":true}]}}