{"id":2553,"date":"2025-02-25T12:51:46","date_gmt":"2025-02-25T12:51:46","guid":{"rendered":"https:\/\/www.rationalfx.com\/?page_id=2553"},"modified":"2025-04-29T09:56:06","modified_gmt":"2025-04-29T09:56:06","slug":"about","status":"publish","type":"page","link":"https:\/\/www.rationalfx.com\/de\/about\/","title":{"rendered":"\u00dcber RationalFX"},"content":{"rendered":"<p>Willkommen bei RationalFX, Ihrem vertrauensw\u00fcrdigen Leitfaden zur Navigation in der komplexen Welt des Forex-Handels. Unsere Reise begann im Jahr 2005 als f\u00fchrender Anbieter von Devisendienstleistungen und internationalen Zahlungen. Fast zwei Jahrzehnte lang halfen wir Einzelpersonen und Unternehmen dabei, ihre grenz\u00fcberschreitenden Transaktionen einfach und effizient zu verwalten.<\/p>\n<p>Im Jahr 2024 schlugen wir ein neues Kapitel in unserer Geschichte auf. Markets Chain Limited erwarb RationalFX, und wir unterzogen uns einer bedeutenden Transformation. Wir nutzten unser Fachwissen im Devisenbereich, um ein hochmodernes Webportal zu schaffen, das darauf abzielt, H\u00e4ndlern zu helfen, <a href=\"https:\/\/www.rationalfx.com\/de\/forex-brokers\/\">die besten Forex-Broker<\/a> und Handelsplattformen zu finden.<\/p>\n<h2>Unsere Mission<\/h2>\n<p>Bei RationalFX ist es unsere Mission, H\u00e4ndlern das Wissen und die Werkzeuge zu bieten, die sie ben\u00f6tigen, um auf dem Forex-Markt erfolgreich zu sein. Wir bem\u00fchen uns, unvoreingenommene, datengest\u00fctzte Bewertungen von Forex-Handelsplattformen bereitzustellen, die Ihnen helfen, fundierte Entscheidungen \u00fcber Ihre Handelsreise zu treffen. Unser Ziel ist es, die Anlaufstelle f\u00fcr H\u00e4ndler zu werden, die verl\u00e4ssliche, vertrauensw\u00fcrdige und transparente Informationen \u00fcber die Forex-Branche suchen.<\/p>\n<h2>Unsere Propriet\u00e4re Suchmaschine<\/h2>\n<p>Unsere innovative Suchmaschine wurde entwickelt, um den Prozess der Suche nach dem perfekten Forex-Broker zu vereinfachen. Indem Sie Ihre spezifischen Kriterien eingeben, wie z.B. Regulierung, Spread, Mindesteinzahlung, Einzahlungsmethoden und Handelsplattformen, bietet Ihnen unsere Suchmaschine eine pers\u00f6nliche Liste von Top-Brokern, die Ihren Anforderungen entsprechen. Dieses leistungsstarke Tool ist das Ergebnis umfassender Forschung und Entwicklung unseres Teams und stellt sicher, dass Sie Zugang zu den relevantesten und aktuellsten Informationen haben.<\/p>\n<h2>Unsere Werte<\/h2>\n<p>Bei RationalFX verpflichten wir uns zu den folgenden Kernwerten:<\/p>\n<p><strong>Transparenz:<\/strong> Wir glauben daran, klare, pr\u00e4gnante und unvoreingenommene Informationen bereitzustellen, um Ihnen bei fundierten Entscheidungen zu helfen.<br \/>\n<strong>Unabh\u00e4ngigkeit:<\/strong> Unsere Bewertungen und Bewertungen basieren auf unserer eigenen Methodik, wodurch sichergestellt wird, dass unsere Empfehlungen von externen Einfl\u00fcssen unabh\u00e4ngig sind.<br \/>\n<strong>Innovation:<\/strong> Wir streben kontinuierlich danach, unsere Suche zu verbessern.<\/p>\n<h2>RationalFX in den Medien<\/h2>\n<h3>2025<\/h3>\n<h4><a href=\"https:\/\/www.itpro.com\/business\/tech-layoffs-2025\" rel=\"nofollow noopener noreferrer\" target=\"_blank\">Bereits \u00fcber 26.000 Entlassungen in der Technikbranche im Jahr 2025<\/a><\/h4>\n<p style=\"font-size: 13px\"><strong>ITPro<\/strong> \u2022 24. Feb 2025<\/p>\n<p>In einem k\u00fcrzlich ver\u00f6ffentlichten Artikel von <em><strong>ITPro<\/strong><\/em> hebt die umfassende Forschung von RationalFX die anhaltende Welle von Entlassungen in der Technikbranche im Jahr 2025 hervor, mit \u00fcber 26.000 weltweit seit Jahresbeginn eliminierter Stellen. Die Untersuchung zeigt, dass in den USA ans\u00e4ssige Unternehmen den Gro\u00dfteil der K\u00fcrzungen ausmachen, wobei gro\u00dfe Firmen wie Meta, Microsoft und STMicro an der Spitze des Personalabbaus stehen. RationalFX-Datenanalyst Alan Cohen betonte, dass diese wiederholten Entlassungsrunden auf eine tiefere, anhaltende Krise in der Technologiearbeitswelt hinweisen, die durch \u00dcberanstellungen, wirtschaftlichen Druck und einen zunehmenden Fokus auf KI-Integration getrieben wird. <a href=\"https:\/\/www.itpro.com\/business\/tech-layoffs-2025\" rel=\"nofollow noopener noreferrer\" target=\"_blank\">Artikel lesen \u2192<\/a><\/p>\n<h4><a href=\"https:\/\/www.channelfutures.com\/channel-business\/tech-industry-layoffs-2025-the-full-list\" rel=\"nofollow noopener noreferrer\" target=\"_blank\">Tech Branchenentlassungen 2025: Die vollst\u00e4ndige Liste<\/a><\/h4>\n<p style=\"font-size: 13px\"><strong>Channel Futures<\/strong> \u2022 21. Feb 2025<\/p>\n<p>In einem umfassenden Bericht von <em><strong>Channel Futures<\/strong><\/em> wird die Forschung von RationalFX vorgestellt, die das Ausma\u00df der Entlassungen in der Technikbranche in 2024 und Anfang 2025 hervorhebt. Die Studie ergab, dass fast 281.000 Mitarbeiter in der Technikbranche im Jahr 2024 ihren Job verloren, wobei \u00fcber die H\u00e4lfte der Entlassungen in den USA stattfand. Bis Mitte Februar 2025 wurden weltweit weitere 10.000 Techniker entlassen. Die Daten von RationalFX verdeutlichen, wie Branchenrestrukturierungen, durch KI getriebene Jobver\u00e4nderungen und Kosteneinsparungsma\u00dfnahmen weiterhin die Reduzierung der Arbeitskr\u00e4fte vorantreiben, obwohl die Nachfrage nach KI-fokussierten Positionen steigt. <a href=\"https:\/\/www.channelfutures.com\/channel-business\/tech-industry-layoffs-2025-the-full-list\" rel=\"nofollow noopener noreferrer\" target=\"_blank\">Artikel lesen \u2192<\/a><\/p>\n<h4><a href=\"https:\/\/www.corriere.it\/economia\/lavoro\/25_febbraio_21\/big-tech-perche-le-aziende-aumentano-gli-utili-ma-continuano-a-licenziare-26-mila-tagli-solo-a-gennaio-43a57a65-2c8a-4635-a1c3-4c6ec7817xlk.shtml\" rel=\"nofollow noopener noreferrer\" target=\"_blank\">Big Tech: Warum Unternehmen ihre Gewinne steigern, aber weiterhin entlassen: 26 Tausend K\u00fcrzungen allein im Januar<\/a><\/h4>\n<p style=\"font-size: 13px\"><strong>Corriere della Sera<\/strong> \u2022 21. Feb 2025<\/p>\n<p>In einem ausf\u00fchrlichen Artikel von <em><strong>Corriere della Sera<\/strong><\/em> bietet die Forschung von RationalFX kritische Einblicke in das Paradoxon steigender Gewinne bei gleichzeitigen Massenentlassungen im Techniksektor. Der Bericht, analysiert vom Datenexperten Alan Cohen von RationalFX, zeigt, dass \u00fcber 280.000 Techniker im Jahr 2024 ihren Job verloren haben, wobei US-Unternehmen die K\u00fcrzungen anf\u00fchrten. Trotz rekordverd\u00e4chtiger Ums\u00e4tze haben gro\u00dfe Unternehmen wie Dell, Intel und Amazon weiterhin Personal abgebaut, getrieben von Kosteneinsparungsstrategien und der zunehmenden Integration von k\u00fcnstlicher Intelligenz, die Unternehmensstrukturen neu gestaltet und den Bedarf an traditionellen Rollen reduziert. <a href=\"https:\/\/www.corriere.it\/economia\/lavoro\/25_febbraio_21\/big-tech-perche-le-aziende-aumentano-gli-utili-ma-continuano-a-licenziare-26-mila-tagli-solo-a-gennaio-43a57a65-2c8a-4635-a1c3-4c6ec7817xlk.shtml\" rel=\"nofollow noopener noreferrer\" target=\"_blank\">Artikel lesen \u2192<\/a><\/p>\n<h4><a href=\"https:\/\/www.axios.com\/local\/boston\/2025\/02\/21\/tech-companies-layoffs-massachusetts-2024\" rel=\"nofollow noopener noreferrer\" target=\"_blank\">Technologieunternehmen entlie\u00dfen 5.000 Mitarbeiter in Massachusetts im Jahr 2024<\/a><\/h4>\n<p style=\"font-size: 13px\"><strong>Axios Boston<\/strong> \u2022 21. Feb 2025<\/p>\n<p>Laut einem Bericht von <em><strong>Axios Boston<\/strong><\/em> wirft die neueste Analyse von RationalFX Licht auf die umfassenden Entlassungen in der Technikbranche im Jahr 2024, mit \u00fcber 280.000 verlorenen Arbeitspl\u00e4tzen weltweit \u2013 mehr als die H\u00e4lfte davon in den USA. Der Bericht hebt hervor, dass allein Massachusetts fast 5.000 entlassene Techniker verzeichnete, wobei insbesondere Ballungszentren wie Greater Boston betroffen waren. RationalFX f\u00fchrt diese K\u00fcrzungen auf die \u00dcberanstellung nach der Pandemie, wirtschaftliche Unsicherheiten und den wachsenden Einfluss von KI zur\u00fcck, die Unternehmensstrategien neu gestaltet und zu weiteren Reduzierungen der Belegschaft gef\u00fchrt haben. <a href=\"https:\/\/www.axios.com\/local\/boston\/2025\/02\/21\/tech-companies-layoffs-massachusetts-2024\" rel=\"nofollow noopener noreferrer\" target=\"_blank\">Artikel lesen \u2192<\/a><\/p>\n<h4><a href=\"https:\/\/www.capacitymedia.com\/article-tech-layoffs-continue-into-2025\" rel=\"nofollow noopener noreferrer\" target=\"_blank\">Entlassungen in der Technikbranche setzen sich 2025 fort, da die Branche weitere 26.000 Arbeitspl\u00e4tze abbaut<\/a><\/h4>\n<p style=\"font-size: 13px\"><strong>Capacity Media<\/strong> \u2022 21. Feb 2025<\/p>\n<p>In einem ausf\u00fchrlichen Bericht von <em><strong>Capacity Media<\/strong><\/em> wird die Forschung von RationalFX zitiert, um die anhaltende Entlassungswelle in der Technikbranche im Jahr 2025 zu verdeutlichen. Die Studie hebt hervor, dass in diesem Jahr bereits \u00fcber 26.000 Arbeitspl\u00e4tze abgebaut wurden, nach den fast 281.000 Entlassungen, die im Jahr 2024 verzeichnet wurden. Die Analyse von RationalFX zeigt, dass in den USA ans\u00e4ssige Technologieriesen, darunter Meta, Microsoft und Amazon, weiterhin diese Reduzierungen der Belegschaft anf\u00fchren, getrieben von sich \u00e4ndernden Marktbedingungen und strategischen Neuausrichtungen. Der Bericht betont die anhaltenden Herausforderungen, denen sich die Technik- und Telekommunikationsbranchen angesichts wirtschaftlicher Unsicherheiten gegen\u00fcbersehen. <a href=\"https:\/\/www.capacitymedia.com\/article-tech-layoffs-continue-into-2025\" rel=\"nofollow noopener noreferrer\" target=\"_blank\">Artikel lesen \u2192<\/a><\/p>\n<h4><a href=\"https:\/\/hrme.economictimes.indiatimes.com\/news\/employee-experience\/over-2-8-million-tech-workers-lost-jobs-in-202411000-more-to-come-in-2025-how-to-stay-relevant\/117947126\" rel=\"nofollow noopener noreferrer\" target=\"_blank\">\u00dcber 2,8 Millionen Arbeiter in der Technikbranche verloren 2024 ihren Job, 11.000 weitere sollen 2025 folgen: Wie bleibt man relevant?<\/a><\/h4>\n<p style=\"font-size: 13px\"><strong>The Economic Times Business Verticals<\/strong> \u2022 06. Feb 2025<\/p>\n<p>In diesem Artikel von <em><strong>The Economic Times&#8216; Business Verticals<\/strong><\/em> wird auf die Forschung von RationalFX \u00fcber die Krise der Arbeitswelt in der Technikbranche hingewiesen. Der Artikel hebt die bedeutenden Entlassungen im Jahr 2024 hervor, die \u00fcber 280.000 \u00fcbersteigen, und den anhaltenden Trend ins Jahr 2025, und betont die Herausforderungen, denen sich die Mitarbeiter in einer unsicheren Branchenlandschaft stellen m\u00fcssen, um Widerstandsf\u00e4higkeit zu bewahren. <a href=\"https:\/\/hrme.economictimes.indiatimes.com\/news\/employee-experience\/over-2-8-million-tech-workers-lost-jobs-in-202411000-more-to-come-in-2025-how-to-stay-relevant\/117947126\" rel=\"nofollow noopener noreferrer\" target=\"_blank\">Artikel lesen \u2192<\/a><\/p>\n<h4><a href=\"https:\/\/www.economx.hu\/tech\/tech-allasok-elbocsatas-ai-projekt-atalakulas.803745.html\" rel=\"nofollow noopener noreferrer\" target=\"_blank\">Die Technik-Branche in Schwierigkeiten: Arbeitnehmer werden entlassen<\/a><\/h4>\n<p style=\"font-size: 13px\"><strong>Economx.hu<\/strong> \u2022 05. Feb 2025<\/p>\n<p>Autoritative Einblicke von <em><strong>Economx.hu<\/strong><\/em> heben die Forschung von RationalFX \u00fcber die sich ver\u00e4ndernde Dynamik der Technik-Arbeitswelt hervor. Mit fast 281.000 entlassenen Mitarbeitern im Jahr 2024 unterzieht sich der einst solide Karriereweg im IT-Bereich einer grundlegenden Transformation. W\u00e4hrend k\u00fcnstliche Intelligenz und Automatisierung den Branchenbedarf umgestalten, weichen traditionelle Vollzeitstellen flexiblen, auf Gig-Basis beruhenden Positionen. Der Bericht unterstreicht, dass sich dieser Trend 2025 beschleunigen wird, wobei gro\u00dfe Unternehmen wie Meta, Microsoft und Amazon gro\u00dfe Belegschaftsreduzierungen vorantreiben, um Kosten zu optimieren und sich an aufkommende KI-getriebene Strategien anzupassen. <a href=\"https:\/\/www.economx.hu\/tech\/tech-allasok-elbocsatas-ai-projekt-atalakulas.803745.html\" rel=\"nofollow noopener noreferrer\" target=\"_blank\">Artikel lesen \u2192<\/a><\/p>\n<h4><a href=\"https:\/\/hrportugal.sapo.pt\/crise-no-sector-tech-os-despedimentos-ultrapassaram-os-280-mil-em-2024-e-continuam-em-2025\/\" rel=\"nofollow noopener noreferrer\" target=\"_blank\">Krise im Tech-Sektor: Die Entlassungen \u00fcberschritten 280 Tausend im Jahr 2024 (und setzen sich 2025 fort)<\/a><\/h4>\n<p style=\"font-size: 13px\"><strong>Human Resources Portugal<\/strong> \u2022 03. Feb 2025<\/p>\n<p>In diesem Artikel von <em><strong>Human Resources Portugal<\/strong><\/em> werfen die Erkenntnisse von RationalFX Licht auf die sich ver\u00e4ndernde Landschaft der Technikbranche, w\u00e4hrend Massenentlassungen die Zukunft des Sektors neu definieren. Mit \u00fcber 280.000 verzeichneten K\u00fcndigungen im Jahr 2024 \u2013 viele davon konzentriert in den USA \u2013 zeigt die Analyse, dass dieser Trend nicht nur ein tempor\u00e4rer R\u00fcckschlag ist, sondern ein Signal f\u00fcr tiefere strukturelle Ver\u00e4nderungen, die sich 2025 und dar\u00fcber hinaus fortsetzen werden. <a href=\"https:\/\/hrportugal.sapo.pt\/crise-no-sector-tech-os-despedimentos-ultrapassaram-os-280-mil-em-2024-e-continuam-em-2025\/\" rel=\"nofollow noopener noreferrer\" target=\"_blank\">Artikel lesen \u2192<\/a><\/p>\n<h4><a href=\"https:\/\/www.digitaljournal.com\/business\/more-to-come-over-280000-employees-in-the-tech-sector-laid-off-in-2024\/article\" rel=\"nofollow noopener noreferrer\" target=\"_blank\">Mehr zu erwarten? \u00dcber 280.000 Mitarbeiter im Tech-Sektor wurden 2024 entlassen<\/a><\/h4>\n<p style=\"font-size: 13px\"><strong>Digital Journal<\/strong> \u2022 30. Jan 2025<\/p>\n<p>Laut <em><strong>Digital Journal<\/strong><\/em> hebt die Forschung von RationalFX das alarmierende Ausma\u00df der Entlassungen im Techniksektor hervor, die 2024 \u00fcber 280.000 \u00fcberstiegen. Der Bericht betont, dass US-Unternehmen am st\u00e4rksten betroffen waren und mehr als die H\u00e4lfte der Entlassungen ausmachten. Da sich der Trend 2025 fortsetzt, weist die Analyse auf tiefere Branchenver\u00e4nderungen hin, die die Zukunft der Technikbesch\u00e4ftigung neu gestalten k\u00f6nnten. <a href=\"https:\/\/www.digitaljournal.com\/business\/more-to-come-over-280000-employees-in-the-tech-sector-laid-off-in-2024\/article\" rel=\"nofollow noopener noreferrer\" target=\"_blank\">Artikel lesen \u2192<\/a><\/p>\n<h3>2021<\/h3>\n<h4><a href=\"https:\/\/www.thestar.co.uk\/lifestyle\/homes-and-gardens\/biggest-rise-in-average-yorkshire-house-prices-are-in-sheffield-and-barnsley-3239480\" rel=\"nofollow noopener noreferrer\" target=\"_blank\">Der gr\u00f6\u00dfte Anstieg der durchschnittlichen Hauspreise in Yorkshire ist in Sheffield und Barnsley<\/a><\/h4>\n<p style=\"font-size: 13px\"><strong>The Star<\/strong> \u2022 17. Mai 2021<\/p>\n<p>Laut <em><strong>The Star<\/strong><\/em> analysierte eine von RationalFX durchgef\u00fchrte Studie die Hauspreistrends in \u00fcber 400 Gebieten in Gro\u00dfbritannien und deckte erhebliche regionale Unterschiede auf. Die Ergebnisse hoben South Yorkshire als herausragende Region hervor, in der die Immobilienpreise um fast 26 % stiegen \u2013 und damit den landesweiten Durchschnitt \u00fcbertrafen, w\u00e4hrend sie fast 100.000 \u00a3 unter dem britischen Gesamtwert der Hauspreisspanne blieben. Die Forschung unterstreicht die Expertise von RationalFX in der Finanzanalyse und die Rolle des Unternehmens bei der Bereitstellung intelligenter globaler Zahlungsl\u00f6sungen f\u00fcr Einzelpersonen und Unternehmen, die internationale Transaktionen t\u00e4tigen. <a href=\"https:\/\/www.thestar.co.uk\/lifestyle\/homes-and-gardens\/biggest-rise-in-average-yorkshire-house-prices-are-in-sheffield-and-barnsley-3239480\" rel=\"nofollow noopener noreferrer\" target=\"_blank\">Artikel lesen \u2192<\/a><\/p>\n<h4><a href=\"https:\/\/www.pymnts.com\/news\/faster-payments\/2021\/bank-independent-rides-real-time-rails-to-compete-with-big-banks\/\" rel=\"nofollow noopener noreferrer\" target=\"_blank\">Bank Independent nutzt Echtzeit-Schienen, um mit gro\u00dfen Banken zu konkurrieren<\/a><\/h4>\n<p style=\"font-size: 13px\"><strong>PYMNTS.com<\/strong> \u2022 21. Apr 2021<\/p>\n<p>In einem k\u00fcrzlich ver\u00f6ffentlichten Artikel hob <em><strong>PYMNTS.com<\/strong><\/em> die Partnerschaft von RationalFX mit ClearBank hervor, mit dem Ziel, das Kundenerlebnis durch die Vereinfachung von Bank-to-Bank-\u00dcberweisungen zu verbessern. Diese Zusammenarbeit integriert RationalFX und seine Schwestergesellschaft Xendpay in das britische Clearing House Automated Payments System und den Faster Payments Service, wodurch Kunden mehr Kontrolle und Transparenz \u00fcber ihre Transaktionen erhalten. <a href=\"https:\/\/www.pymnts.com\/news\/faster-payments\/2021\/bank-independent-rides-real-time-rails-to-compete-with-big-banks\/\" rel=\"nofollow noopener noreferrer\" target=\"_blank\">Artikel lesen \u2192<\/a><\/p>\n<h3>2018<\/h3>\n<h4><a href=\"https:\/\/www.thisismoney.co.uk\/money\/experts\/article-5713243\/I-bought-house-France-retire-Whats-cheapest-way-pay-restoration.html\" rel=\"nofollow noopener noreferrer\" target=\"_blank\">Ich habe ein Haus in Frankreich gekauft, um mich dort zur Ruhe zu setzen: Was ist der g\u00fcnstigste Weg f\u00fcr die \u00dcberweisung zur Finanzierung der Renovierung?<\/a><\/h4>\n<p style=\"font-size: 13px\"><strong>This is Money<\/strong> \u2022 14. Mai 2018<\/p>\n<p>In einer Reportage von <em><strong>This is Money<\/strong><\/em> wird RationalFX als ein Pionierunternehmen aus Gro\u00dfbritannien anerkannt, das 2005 gegr\u00fcndet wurde und zu den ersten geh\u00f6rte, die ein Online-Zahlungssystem anboten. Das Unternehmen bietet Verbrauchern niedrige Geb\u00fchren, wettbewerbsf\u00e4hige Wechselkurse und fortgeschrittene Funktionen wie Stop- und Limitauftr\u00e4ge, was es zu einer bemerkenswerten Option f\u00fcr Personen bei der Verwaltung internationaler Transaktionen macht. <a href=\"https:\/\/www.thisismoney.co.uk\/money\/experts\/article-5713243\/I-bought-house-France-retire-Whats-cheapest-way-pay-restoration.html\" rel=\"nofollow noopener noreferrer\" target=\"_blank\">Artikel lesen \u2192<\/a><\/p>\n<h4><a href=\"https:\/\/ripple.com\/insights\/xvia-opens-new-doors-in-emerging-markets\/\" rel=\"nofollow noopener noreferrer\" target=\"_blank\">xVia er\u00f6ffnet neue T\u00fcren in Schwellenm\u00e4rkten<\/a><\/h4>\n<p style=\"font-size: 13px\"><strong>Ripple<\/strong> \u2022 26. Apr 2018<\/p>\n<p>Laut <em><strong>Ripple<\/strong><\/em> ist RationalFX dem wachsenden Netzwerk von RippleNet beigetreten, indem es die API-L\u00f6sung von xVia integriert hat. Diese Partnerschaft erm\u00f6glicht es RationalFX, nahtlose grenz\u00fcberschreitende Zahlungen zu erleichtern und Zugang zu Schwellenm\u00e4rkten mit gr\u00f6\u00dferer Effizienz zu schaffen. Durch die Nutzung der fortschrittlichen Technologie von Ripple st\u00e4rkt RationalFX sein Engagement, schnelle und kosteng\u00fcnstige internationale Transaktionen anzubieten. <a href=\"https:\/\/ripple.com\/insights\/xvia-opens-new-doors-in-emerging-markets\/\" rel=\"nofollow noopener noreferrer\" target=\"_blank\">Artikel lesen \u2192<\/a><\/p>\n<h3>2016<\/h3>\n<h4><a href=\"https:\/\/realbusiness.co.uk\/the-future-of-fintech-in-the-wake-of-brexit\" rel=\"nofollow noopener noreferrer\" target=\"_blank\">Die Zukunft des Fintech im Zuge des Brexit<\/a><\/h4>\n<p style=\"font-size: 13px\"><strong>Real Business<\/strong> \u2022 16. Juni 2016<\/p>\n<p>In einem Artikel von <em><strong>Real Business<\/strong><\/em> teilte Paresh Davdra, Mitbegr\u00fcnder und CEO von RationalFX, seine Einsch\u00e4tzungen zur Unsicherheit bei Fintech-Investitionen im Zuge des Brexit. Er hob hervor, dass Investoren z\u00f6gerten, britische Unternehmen zu unterst\u00fctzen, aufgrund der Unvorhersehbarkeit des Referendumsergebnisses. Mit der Rolle Gro\u00dfbritanniens als Finanzzentrum auf dem Spiel betonte Davdra die Notwendigkeit f\u00fcr Unternehmen, agil zu bleiben und sich auf alle m\u00f6glichen Szenarien in einem sich schnell entwickelnden Wirtschaftslandschaf vorzubereiten. <a href=\"https:\/\/realbusiness.co.uk\/the-future-of-fintech-in-the-wake-of-brexit\" rel=\"nofollow noopener noreferrer\" target=\"_blank\">Artikel lesen \u2192<\/a><\/p>\n<h3>2011<\/h3>\n<h4><a href=\"https:\/\/www.ibtimes.co.uk\/birmingham-city-sponsors-spread-festive-cheer-little-270860\" rel=\"nofollow noopener noreferrer\" target=\"_blank\">Sponsoren von Birmingham City verbreiten festliche Stimmung f\u00fcr die Wohlt\u00e4tigkeitsorganisation &#8218;Little Hearts Matter&#8216;<\/a><\/h4>\n<p style=\"font-size: 13px\"><strong>International Business Times<\/strong> \u2022 21. Dez 2011<\/p>\n<p>In einer herzerw\u00e4rmenden Initiative, die von <em><strong>IBTimes UK<\/strong><\/em> behandelt wurde, demonstrierte RationalFX sein Engagement f\u00fcr sozialen Einfluss, indem es seine Sponsoring-Rechte bei Birmingham City FC an die Wohlt\u00e4tigkeitsorganisation Little Hearts Matter spendete. Diese wurde durch eine \u00f6ffentliche Abstimmung auf RationalFX.com ausgew\u00e4hlt und unterst\u00fctzt Kinder, die mit einem halben funktionierenden Herz geboren wurden. Rajesh Agrawal, Vorsitzender und CEO von RationalFX, dr\u00fcckte seinen Stolz aus, eine so bedeutende Sache zu unterst\u00fctzen, und betonte das Engagement des Unternehmens, der Gesellschaft etwas zur\u00fcckzugeben, w\u00e4hrend es sein schnelles Wachstum im Finanzsektor fortsetzt. <a href=\"https:\/\/www.ibtimes.co.uk\/birmingham-city-sponsors-spread-festive-cheer-little-270860\" rel=\"nofollow noopener noreferrer\" target=\"_blank\">Artikel lesen \u2192<\/a><\/p>\n","protected":false},"excerpt":{"rendered":"<p>Willkommen bei RationalFX, Ihrem vertrauensw\u00fcrdigen Leitfaden zur Navigation in der komplexen Welt des Forex-Handels. Unsere Reise begann im Jahr 2005 als f\u00fchrender Anbieter von Devisendienstleistungen und internationalen Zahlungen. Fast zwei Jahrzehnte lang halfen wir Einzelpersonen und Unternehmen dabei, ihre grenz\u00fcberschreitenden Transaktionen einfach und effizient zu verwalten. Im Jahr 2024 schlugen wir ein neues Kapitel in [&hellip;]<\/p>\n","protected":false},"author":1,"featured_media":0,"parent":0,"menu_order":0,"comment_status":"closed","ping_status":"closed","template":"","meta":{"footnotes":""},"class_list":["post-2553","page","type-page","status-publish","hentry"],"aioseo_notices":[],"_links":{"self":[{"href":"https:\/\/www.rationalfx.com\/de\/wp-json\/wp\/v2\/pages\/2553","targetHints":{"allow":["GET"]}}],"collection":[{"href":"https:\/\/www.rationalfx.com\/de\/wp-json\/wp\/v2\/pages"}],"about":[{"href":"https:\/\/www.rationalfx.com\/de\/wp-json\/wp\/v2\/types\/page"}],"author":[{"embeddable":true,"href":"https:\/\/www.rationalfx.com\/de\/wp-json\/wp\/v2\/users\/1"}],"replies":[{"embeddable":true,"href":"https:\/\/www.rationalfx.com\/de\/wp-json\/wp\/v2\/comments?post=2553"}],"version-history":[{"count":2,"href":"https:\/\/www.rationalfx.com\/de\/wp-json\/wp\/v2\/pages\/2553\/revisions"}],"predecessor-version":[{"id":4628,"href":"https:\/\/www.rationalfx.com\/de\/wp-json\/wp\/v2\/pages\/2553\/revisions\/4628"}],"wp:attachment":[{"href":"https:\/\/www.rationalfx.com\/de\/wp-json\/wp\/v2\/media?parent=2553"}],"curies":[{"name":"wp","href":"https:\/\/api.w.org\/{rel}","templated":true}]}}